{"id":2713,"date":"2024-01-23T22:04:44","date_gmt":"2024-01-23T21:04:44","guid":{"rendered":"https:\/\/mioundies.com\/shop\/senza-categoria\/1292-lacey-pantaloncini-donna\/"},"modified":"2024-11-02T16:37:19","modified_gmt":"2024-11-02T15:37:19","slug":"1292-lacey-pantaloncini-donna","status":"publish","type":"product","link":"https:\/\/mioundies.com\/it\/shop\/donna\/mutande-donna\/1292-lacey-pantaloncini-donna\/","title":{"rendered":"1292 CULOTTE DONNA CON PIZZO IN LYCRA &#8211; CONFEZIONE DA 2"},"content":{"rendered":"<p>Abbraccia l&#8217;eleganza e il comfort con le nostre CULOTTE DONNA CON PIZZO IN LYCRA nella CONFEZIONE DA 2 pezzi. Pensati per la donna moderna che apprezza sia lo stile che il comfort, questi pantaloncini sono un mix perfetto di funzionalit\u00e0 e fascino femminile.<\/p>\n<p><strong>Caratteristiche principali:<\/strong><\/p>\n<ul>\n<li><strong>Comfort di lusso:<\/strong> Realizzati con una miscela di 80% cotone, 18% poliammide e 2% elastan, questi pantaloncini offrono una vestibilit\u00e0 morbida, traspirante ed elastica, garantendo comfort per tutto il giorno.<\/li>\n<li><strong>Chic Lace Detailing:<\/strong> Decorati con squisite finiture in pizzo, questi pantaloncini offrono un tocco di eleganza e raffinatezza, rendendoli un&#8217;aggiunta elegante alla tua collezione di lingerie.<\/li>\n<li><strong>Confezione versatile da due:<\/strong> Questo pacchetto include due paia di culotte.<\/li>\n<li><strong>Vestibilit\u00e0 ideale per le donne:<\/strong> Progettati per adattarsi ai contorni del corpo di una donna, offrono una vestibilit\u00e0 aderente ma confortevole senza limitare i movimenti.<\/li>\n<li><strong>Durevole e di lunga durata:<\/strong> Sapientemente costruito per resistere all&#8217;usura e ai lavaggi regolari, garantendo durata e longevit\u00e0 del capo.<\/li>\n<li><strong>Materiale delicato sulla pelle:<\/strong> L&#8217;alto contenuto di cotone \u00e8 delicato sulla pelle, perfetto per l&#8217;uso quotidiano.<\/li>\n<li><strong>Facile da mantenere:<\/strong> Lavabili in lavatrice, il che li rende un&#8217;opzione pratica e di facile manutenzione.<\/li>\n<\/ul>\n<p><strong>Istruzioni per la cura:<\/strong><\/p>\n<ul>\n<li>Lavare in lavatrice in acqua fredda con colori simili.<\/li>\n<li>Si possono asciugare in asciugatrice.<\/li>\n<li>Evita la candeggina. Possibilmente stirare a basse temperature.<\/li>\n<\/ul>\n<p>Aggiungi un tocco di raffinatezza al tuo abbigliamento intimo con la nostra confezione da 2 CULOTTE DONNA CON PIZZO IN LYCRA , che combina comfort, stile e praticit\u00e0 in uno.<\/p>\n","protected":false},"excerpt":{"rendered":"<p>Scopri il mix perfetto di stile e comfort con le nostre CULOTTE DONNA CON PIZZO IN LYCRA nella CONFEZIONE da 2 pezzi , caratterizzati da un morbido misto cotone-poliammide con eleganti dettagli in pizzo, ideali per l&#8217;eleganza di tutti i giorni.<\/p>\n<p style=\"color:red;\">Suggeriamo di acquistare una taglia pi\u00f9 piccola perch\u00e9 questo BRAND ha una vestibilit\u00e0 abbondante. Per essere sicuri, consultare la tabella delle taglie.<\/p>\n","protected":false},"featured_media":2718,"comment_status":"open","ping_status":"closed","template":"","meta":{"neve_meta_sidebar":"","neve_meta_container":"","neve_meta_enable_content_width":"off","neve_meta_content_width":100,"neve_meta_title_alignment":"","neve_meta_author_avatar":"","neve_post_elements_order":"","neve_meta_disable_header":"","neve_meta_disable_footer":"","neve_meta_disable_title":"","neve_meta_reading_time":""},"product_brand":[],"product_cat":[337,339],"product_tag":[],"class_list":{"0":"post-2713","1":"product","2":"type-product","3":"status-publish","4":"has-post-thumbnail","6":"product_cat-donna","7":"product_cat-mutande-donna","9":"first","10":"instock","11":"taxable","12":"shipping-taxable","13":"purchasable","14":"product-type-variable","15":"has-default-attributes","16":"rtwpvg-product","17":"rtwpvs-product"},"supplier_id":null,"supplier_sku":"","barcode":null,"atum_controlled":true,"out_stock_date":null,"out_stock_threshold":null,"inheritable":true,"inbound_stock":0,"stock_on_hold":0,"sold_today":0,"sales_last_days":0,"reserved_stock":0,"customer_returns":0,"warehouse_damage":0,"lost_in_post":0,"other_logs":0,"out_stock_days":0,"lost_sales":0,"has_location":false,"update_date":"2026-05-06T04:16:01","atum_locations":[],"atum_stock_status":"instock","restock_status":false,"low_stock_amount":"","sales_update_date":"2026-05-06T04:16:01","calc_backorders":null,"_links":{"self":[{"href":"https:\/\/mioundies.com\/it\/wp-json\/wp\/v2\/product\/2713","targetHints":{"allow":["GET"]}}],"collection":[{"href":"https:\/\/mioundies.com\/it\/wp-json\/wp\/v2\/product"}],"about":[{"href":"https:\/\/mioundies.com\/it\/wp-json\/wp\/v2\/types\/product"}],"replies":[{"embeddable":true,"href":"https:\/\/mioundies.com\/it\/wp-json\/wp\/v2\/comments?post=2713"}],"wp:featuredmedia":[{"embeddable":true,"href":"https:\/\/mioundies.com\/it\/wp-json\/wp\/v2\/media\/2718"}],"wp:attachment":[{"href":"https:\/\/mioundies.com\/it\/wp-json\/wp\/v2\/media?parent=2713"}],"wp:term":[{"taxonomy":"product_brand","embeddable":true,"href":"https:\/\/mioundies.com\/it\/wp-json\/wp\/v2\/product_brand?post=2713"},{"taxonomy":"product_cat","embeddable":true,"href":"https:\/\/mioundies.com\/it\/wp-json\/wp\/v2\/product_cat?post=2713"},{"taxonomy":"product_tag","embeddable":true,"href":"https:\/\/mioundies.com\/it\/wp-json\/wp\/v2\/product_tag?post=2713"}],"curies":[{"name":"wp","href":"https:\/\/api.w.org\/{rel}","templated":true}]}}