{"id":2619,"date":"2024-01-04T11:44:08","date_gmt":"2024-01-04T10:44:08","guid":{"rendered":"https:\/\/mioundies.com\/shop\/senza-categoria\/1426-boxer-uomo-bamboo-lycra\/"},"modified":"2024-12-15T10:39:20","modified_gmt":"2024-12-15T09:39:20","slug":"1426-boxer-uomo-bamboo-lycra","status":"publish","type":"product","link":"https:\/\/mioundies.com\/it\/shop\/bambu-it\/mutande-bambu\/1426-boxer-uomo-bamboo-lycra\/","title":{"rendered":"1426 BOXER UOMO BAMBU&#8217;"},"content":{"rendered":"<p>Entra in un comfort senza pari con il nostro 1426 BOXER UOMO BAMBU&#8217;. Realizzati con una miscela premium di 95% bamb\u00f9 e 5% elastan, questi boxer sono progettati per offrire il massimo in termini di morbidezza, elasticit\u00e0. Perfetto per l&#8217;uomo che apprezza il comfort senza compromessi di qualit\u00e0.<\/p>\n<p><strong>Caratteristiche principali:<\/strong><\/p>\n<ul>\n<li><strong>Comfort Superiore:<\/strong> Goditi il comfort morbido e traspirante del tessuto di bamb\u00f9, lussuoso sulla pelle.<\/li>\n<li><strong>Vestibilit\u00e0 perfetta:<\/strong> L&#8217;aggiunta del 5% di elastan offre la giusta quantit\u00e0 di elasticit\u00e0 per una vestibilit\u00e0 aderente e confortevole che segue i tuoi movimenti.<\/li>\n<li><strong>Assorbimento dell&#8217;umidit\u00e0:<\/strong> Rimani asciutto e comodo tutto il giorno, grazie alle naturali propriet\u00e0 di assorbimento dell&#8217;umidit\u00e0 del bamb\u00f9.<\/li>\n<li><strong>Resistente agli odori:<\/strong> Approfitta delle qualit\u00e0 antibatteriche naturali del bamb\u00f9, mantenendoti pi\u00f9 fresco pi\u00f9 a lungo.<\/li>\n<li><strong>Design durevole:<\/strong> Progettati per durare, questi boxer combinano la resistenza del bamb\u00f9 con la flessibilit\u00e0 dell&#8217;elastan.<\/li>\n<\/ul>\n<p><strong>Istruzioni per la cura:<\/strong><\/p>\n<ul>\n<li>Lavare in lavatrice a freddo con colori simili<\/li>\n<li>Asciugare in asciugatrice a bassa temperatura o appendere ad asciugare per ottenere i migliori risultati<\/li>\n<li>Non candeggiare<\/li>\n<li>Possibilmente stirare a bassa temperatura<\/li>\n<\/ul>\n<p><strong>Taglia e vestibilit\u00e0:<\/strong> Disponibile in pi\u00f9 misure. Fai riferimento alla nostra tabella delle taglie per trovare la vestibilit\u00e0 perfetta e garantire un comfort ottimale.<\/p>\n<p>Eleva il tuo cassetto della biancheria intima con il nostro 1426 BOXER UOMO BAMBU&#8217;. Questi boxer sono progettati per supportare il tuo stile di vita, offrendo comfort, flessibilit\u00e0. Sperimenta oggi stesso la perfetta combinazione di lusso, prestazioni.<\/p>\n","protected":false},"excerpt":{"rendered":"<p>Migliora il tuo comfort con il nostro 1426 BOXER UOMO BAMBU&#8217;, che unisce il 95% di bamb\u00f9 per la morbidezza e il 5% di elastan per l&#8217;elasticit\u00e0, offrendo un comfort e una flessibilit\u00e0 senza pari.<\/p>\n<p style=\"color:red;\">Suggeriamo di acquistare una taglia pi\u00f9 piccola perch\u00e9 questo BRAND ha una vestibilit\u00e0 abbondante. Per essere sicuri, consultare la tabella delle taglie.<\/p>\n","protected":false},"featured_media":2626,"comment_status":"open","ping_status":"closed","template":"","meta":{"neve_meta_sidebar":"","neve_meta_container":"","neve_meta_enable_content_width":"off","neve_meta_content_width":100,"neve_meta_title_alignment":"","neve_meta_author_avatar":"","neve_post_elements_order":"","neve_meta_disable_header":"","neve_meta_disable_footer":"","neve_meta_disable_title":"","neve_meta_reading_time":""},"product_brand":[],"product_cat":[332,355],"product_tag":[],"class_list":{"0":"post-2619","1":"product","2":"type-product","3":"status-publish","4":"has-post-thumbnail","6":"product_cat-bambu-it","7":"product_cat-mutande-bambu","9":"first","10":"instock","11":"taxable","12":"shipping-taxable","13":"purchasable","14":"product-type-variable","15":"has-default-attributes","16":"rtwpvg-product","17":"rtwpvs-product"},"supplier_id":null,"supplier_sku":"","barcode":null,"atum_controlled":true,"out_stock_date":null,"out_stock_threshold":null,"inheritable":false,"inbound_stock":0,"stock_on_hold":0,"sold_today":0,"sales_last_days":0,"reserved_stock":0,"customer_returns":0,"warehouse_damage":0,"lost_in_post":0,"other_logs":0,"out_stock_days":0,"lost_sales":0,"has_location":false,"update_date":"2026-05-06T04:15:45","atum_locations":[],"atum_stock_status":"instock","restock_status":false,"low_stock_amount":"","sales_update_date":"2026-05-06T04:15:45","calc_backorders":null,"_links":{"self":[{"href":"https:\/\/mioundies.com\/it\/wp-json\/wp\/v2\/product\/2619","targetHints":{"allow":["GET"]}}],"collection":[{"href":"https:\/\/mioundies.com\/it\/wp-json\/wp\/v2\/product"}],"about":[{"href":"https:\/\/mioundies.com\/it\/wp-json\/wp\/v2\/types\/product"}],"replies":[{"embeddable":true,"href":"https:\/\/mioundies.com\/it\/wp-json\/wp\/v2\/comments?post=2619"}],"wp:featuredmedia":[{"embeddable":true,"href":"https:\/\/mioundies.com\/it\/wp-json\/wp\/v2\/media\/2626"}],"wp:attachment":[{"href":"https:\/\/mioundies.com\/it\/wp-json\/wp\/v2\/media?parent=2619"}],"wp:term":[{"taxonomy":"product_brand","embeddable":true,"href":"https:\/\/mioundies.com\/it\/wp-json\/wp\/v2\/product_brand?post=2619"},{"taxonomy":"product_cat","embeddable":true,"href":"https:\/\/mioundies.com\/it\/wp-json\/wp\/v2\/product_cat?post=2619"},{"taxonomy":"product_tag","embeddable":true,"href":"https:\/\/mioundies.com\/it\/wp-json\/wp\/v2\/product_tag?post=2619"}],"curies":[{"name":"wp","href":"https:\/\/api.w.org\/{rel}","templated":true}]}}