{"id":2583,"date":"2024-01-23T21:54:09","date_gmt":"2024-01-23T20:54:09","guid":{"rendered":"https:\/\/mioundies.com\/shop\/senza-categoria\/1286-gilet-da-donna-con-cinturino-in-pizzo\/"},"modified":"2024-11-02T16:39:35","modified_gmt":"2024-11-02T15:39:35","slug":"1286-gilet-da-donna-con-cinturino-in-pizzo","status":"publish","type":"product","link":"https:\/\/mioundies.com\/it\/shop\/donna\/canottiera-donna\/1286-gilet-da-donna-con-cinturino-in-pizzo\/","title":{"rendered":"1286 CANOTTA DA DONNA CON SPALLINE IN PIZZO"},"content":{"rendered":"<p>Ti presentiamo la CANOTTA DA DONNA CON SPALLINE IN PIZZO: una fusione di raffinatezza e comfort per la donna contemporanea. Una testimonianza di stile senza tempo e funzionalit\u00e0 quotidiana, progettata pensando alle esigenze della donna moderna.<\/p>\n<p><strong>Caratteristiche principali:<\/strong><\/p>\n<ul>\n<li><strong>Eleganti spalline in pizzo:<\/strong> La canotta \u00e8 impreziosita da delicate spalline in pizzo, che aggiungono un tocco di eleganza femminile al tuo abbigliamento quotidiano.<\/li>\n<li><strong>Tessuto misto premium:<\/strong> Realizzato in 80% cotone, 18% poliammide e 2% elastan, offre una vestibilit\u00e0 morbida, traspirante e confortevole, ideale da indossare tutto il giorno.<\/li>\n<li><strong>Versatile ed elegante:<\/strong> Perfetta da indossare sotto camicette e giacche o anche da sola, offrendo stile e versatilit\u00e0.<\/li>\n<li><strong>Vestibilit\u00e0 ottimale:<\/strong> Progettato per adattarsi con grazia alla forma femminile, fornendo una vestibilit\u00e0 lusinghiera e confortevole senza essere restrittiva.<\/li>\n<li><strong>Qualit\u00e0 durevole:<\/strong> Realizzata per resistere all&#8217;usura e ai lavaggi regolari, resistente e mantiene la sua forma e il suo colore nel tempo.<\/li>\n<li><strong>Delicato sulla pelle:<\/strong> L&#8217;alto contenuto di cotone assicura che la CANOTTA DA DONNA CON SPALLINE IN PIZZO sia delicata sulla pelle, rendendola adatta all&#8217;uso quotidiano.<\/li>\n<li><strong>Facile da curare:<\/strong> Poca manutenzione ed \u00e8 lavabile in lavatrice, ideale per lo stile di vita frenetico e moderno.<\/li>\n<\/ul>\n<p><strong>Istruzioni per la cura:<\/strong><\/p>\n<ul>\n<li>Lavare in lavatrice in acqua fredda con colori simili.<\/li>\n<li>Si pu\u00f2 asciugare in asciugatrice.<\/li>\n<li>Evita la candeggina. Possibilmente stirare a basse temperature.<\/li>\n<\/ul>\n<p>Eleva il tuo guardaroba con la CANOTTA DA DONNA CON SPALLINE IN PIZZO, dove il comfort incontra l&#8217;eleganza in perfetta armonia.<\/p>\n","protected":false},"excerpt":{"rendered":"<p>Prova eleganza e comfort in un tutt&#8217;uno con la CANOTTA DA DONNA CON SPALLINE IN PIZZO, realizzata in morbido misto cotone-poliammide, perfetta per aggiungere un tocco di raffinatezza al tuo abbigliamento quotidiano.<\/p>\n<p style=\"color:red;\">Suggeriamo di acquistare una taglia pi\u00f9 piccola perch\u00e9 questo BRAND ha una vestibilit\u00e0 abbondante. Per essere sicuri, consultare la tabella delle taglie.<\/p>\n<p>><\/p>\n","protected":false},"featured_media":2588,"comment_status":"open","ping_status":"closed","template":"","meta":{"neve_meta_sidebar":"","neve_meta_container":"","neve_meta_enable_content_width":"off","neve_meta_content_width":100,"neve_meta_title_alignment":"","neve_meta_author_avatar":"","neve_post_elements_order":"","neve_meta_disable_header":"","neve_meta_disable_footer":"","neve_meta_disable_title":"","neve_meta_reading_time":""},"product_brand":[],"product_cat":[342,337],"product_tag":[],"class_list":{"0":"post-2583","1":"product","2":"type-product","3":"status-publish","4":"has-post-thumbnail","6":"product_cat-canottiera-donna","7":"product_cat-donna","9":"first","10":"instock","11":"taxable","12":"shipping-taxable","13":"purchasable","14":"product-type-variable","15":"has-default-attributes","16":"rtwpvg-product","17":"rtwpvs-product"},"supplier_id":null,"supplier_sku":"","barcode":null,"atum_controlled":true,"out_stock_date":null,"out_stock_threshold":null,"inheritable":false,"inbound_stock":0,"stock_on_hold":0,"sold_today":0,"sales_last_days":0,"reserved_stock":0,"customer_returns":0,"warehouse_damage":0,"lost_in_post":0,"other_logs":0,"out_stock_days":0,"lost_sales":0,"has_location":false,"update_date":"2026-05-08T04:12:58","atum_locations":[],"atum_stock_status":"instock","restock_status":false,"low_stock_amount":"","sales_update_date":"2026-05-08T04:12:58","calc_backorders":null,"_links":{"self":[{"href":"https:\/\/mioundies.com\/it\/wp-json\/wp\/v2\/product\/2583","targetHints":{"allow":["GET"]}}],"collection":[{"href":"https:\/\/mioundies.com\/it\/wp-json\/wp\/v2\/product"}],"about":[{"href":"https:\/\/mioundies.com\/it\/wp-json\/wp\/v2\/types\/product"}],"replies":[{"embeddable":true,"href":"https:\/\/mioundies.com\/it\/wp-json\/wp\/v2\/comments?post=2583"}],"wp:featuredmedia":[{"embeddable":true,"href":"https:\/\/mioundies.com\/it\/wp-json\/wp\/v2\/media\/2588"}],"wp:attachment":[{"href":"https:\/\/mioundies.com\/it\/wp-json\/wp\/v2\/media?parent=2583"}],"wp:term":[{"taxonomy":"product_brand","embeddable":true,"href":"https:\/\/mioundies.com\/it\/wp-json\/wp\/v2\/product_brand?post=2583"},{"taxonomy":"product_cat","embeddable":true,"href":"https:\/\/mioundies.com\/it\/wp-json\/wp\/v2\/product_cat?post=2583"},{"taxonomy":"product_tag","embeddable":true,"href":"https:\/\/mioundies.com\/it\/wp-json\/wp\/v2\/product_tag?post=2583"}],"curies":[{"name":"wp","href":"https:\/\/api.w.org\/{rel}","templated":true}]}}