{"id":2526,"date":"2024-01-04T11:02:33","date_gmt":"2024-01-04T10:02:33","guid":{"rendered":"https:\/\/mioundies.com\/shop\/senza-categoria\/1427-mutandine-in-lycra-di-bambu-da-donna\/"},"modified":"2024-12-15T10:41:44","modified_gmt":"2024-12-15T09:41:44","slug":"1427-mutandine-in-lycra-di-bambu-da-donna","status":"publish","type":"product","link":"https:\/\/mioundies.com\/it\/shop\/bambu-it\/mutande-bambu\/1427-mutandine-in-lycra-di-bambu-da-donna\/","title":{"rendered":"1427 SLIP DONNA IN BAMBU&#8217;"},"content":{"rendered":"<p>Scopri il massimo del comfort con i nostri 1427 SLIP DONNA IN BAMBU&#8217;. Una miscela premium di 95% bamb\u00f9 e 5% elastan, creando un intimo non solo incredibilmente morbido ma anche confortevole. Perfette per la donna moderna che apprezza sia il lusso che la comodit\u00e0, questi slip offrono una vestibilit\u00e0 perfetta, un&#8217;eccezionale traspirabilit\u00e0 e un tocco delicato sulla pelle.<\/p>\n<p><strong>Caratteristiche principali:<\/strong><\/p>\n<ul>\n<li><strong>Comfort supremo:<\/strong> Il tessuto in bamb\u00f9 assicura una sensazione morbida e lussuosa sulla pelle, perfetta per essere indossata tutto il giorno.<\/li>\n<li><strong>Elasticit\u00e0 per una vestibilit\u00e0 perfetta:<\/strong> Con il 5% di elastan, goditi una vestibilit\u00e0 aderente e confortevole che si muove con te, ideale per qualsiasi attivit\u00e0.<\/li>\n<li><strong>Traspirante e traspirante:<\/strong> Rimani fresca e asciutta per tutto il giorno grazie alle naturali propriet\u00e0 di assorbimento dell&#8217;umidit\u00e0 del bamb\u00f9.<\/li>\n<li><strong>Resistente agli odori:<\/strong> Le qualit\u00e0 antibatteriche naturali del bamb\u00f9 aiutano a prevenire gli odori, mantenendoti fresca.<\/li>\n<li><strong>Durevole:<\/strong> Sapientemente realizzato per mantenere forma e morbidezza lavaggio dopo lavaggio.<\/li>\n<\/ul>\n<p><strong>Istruzioni per la cura:<\/strong><\/p>\n<ul>\n<li>Lavare in lavatrice a freddo con colori simili<\/li>\n<li>Asciugare in asciugatrice a bassa temperatura<\/li>\n<li>Non candeggiare<\/li>\n<li>Possibilmente stirare a basse temperature<\/li>\n<\/ul>\n<p><strong>Taglia e vestibilit\u00e0:<\/strong> Disponibile in pi\u00f9 misure. Si prega di fare riferimento alla nostra tabella delle taglie per trovare la vestibilit\u00e0 perfetta, garantendo il massimo comfort e stile.<\/p>\n<p>Migliora i tuoi elementi essenziali di tutti i giorni con gli &#8220;1427 SLIP DONNA IN BAMBU'&#8221;. Perfetto per chi cerca il meglio sia in termini di qualit\u00e0 che di confort. Aggiungili al tuo guardaroba oggi stesso e senti la differenza che il bamb\u00f9 pu\u00f2 fare per te.<\/p>\n","protected":false},"excerpt":{"rendered":"<p>Abbraccia un nuovo stile con i nostri &#8220;1427 SLIP DONNA IN BAMBU'&#8221;, che offrono una vestibilit\u00e0 morbida, traspirante ed elastica per il massimo comfort.<\/p>\n<p style=\"color:red;\">Suggeriamo di acquistare una taglia pi\u00f9 piccola perch\u00e9 questo BRAND ha una vestibilit\u00e0 abbondante. Per essere sicuri, consultare la tabella delle taglie.<\/p>\n","protected":false},"featured_media":2543,"comment_status":"open","ping_status":"closed","template":"","meta":{"neve_meta_sidebar":"","neve_meta_container":"","neve_meta_enable_content_width":"off","neve_meta_content_width":100,"neve_meta_title_alignment":"","neve_meta_author_avatar":"","neve_post_elements_order":"","neve_meta_disable_header":"","neve_meta_disable_footer":"","neve_meta_disable_title":"","neve_meta_reading_time":""},"product_brand":[],"product_cat":[332,355],"product_tag":[],"class_list":{"0":"post-2526","1":"product","2":"type-product","3":"status-publish","4":"has-post-thumbnail","6":"product_cat-bambu-it","7":"product_cat-mutande-bambu","9":"first","10":"instock","11":"taxable","12":"shipping-taxable","13":"purchasable","14":"product-type-variable","15":"has-default-attributes","16":"rtwpvg-product","17":"rtwpvs-product"},"supplier_id":null,"supplier_sku":"","barcode":null,"atum_controlled":true,"out_stock_date":null,"out_stock_threshold":null,"inheritable":false,"inbound_stock":0,"stock_on_hold":9,"sold_today":0,"sales_last_days":0,"reserved_stock":0,"customer_returns":0,"warehouse_damage":0,"lost_in_post":0,"other_logs":0,"out_stock_days":0,"lost_sales":0,"has_location":false,"update_date":"2026-05-06T04:16:49","atum_locations":[],"atum_stock_status":"instock","restock_status":false,"low_stock_amount":"","sales_update_date":"2026-05-06T04:16:49","calc_backorders":null,"_links":{"self":[{"href":"https:\/\/mioundies.com\/it\/wp-json\/wp\/v2\/product\/2526","targetHints":{"allow":["GET"]}}],"collection":[{"href":"https:\/\/mioundies.com\/it\/wp-json\/wp\/v2\/product"}],"about":[{"href":"https:\/\/mioundies.com\/it\/wp-json\/wp\/v2\/types\/product"}],"replies":[{"embeddable":true,"href":"https:\/\/mioundies.com\/it\/wp-json\/wp\/v2\/comments?post=2526"}],"wp:featuredmedia":[{"embeddable":true,"href":"https:\/\/mioundies.com\/it\/wp-json\/wp\/v2\/media\/2543"}],"wp:attachment":[{"href":"https:\/\/mioundies.com\/it\/wp-json\/wp\/v2\/media?parent=2526"}],"wp:term":[{"taxonomy":"product_brand","embeddable":true,"href":"https:\/\/mioundies.com\/it\/wp-json\/wp\/v2\/product_brand?post=2526"},{"taxonomy":"product_cat","embeddable":true,"href":"https:\/\/mioundies.com\/it\/wp-json\/wp\/v2\/product_cat?post=2526"},{"taxonomy":"product_tag","embeddable":true,"href":"https:\/\/mioundies.com\/it\/wp-json\/wp\/v2\/product_tag?post=2526"}],"curies":[{"name":"wp","href":"https:\/\/api.w.org\/{rel}","templated":true}]}}