{"id":2487,"date":"2024-01-24T23:10:45","date_gmt":"2024-01-24T22:10:45","guid":{"rendered":"https:\/\/mioundies.com\/shop\/senza-categoria\/2048-ragazzi-boxer\/"},"modified":"2024-11-02T16:26:53","modified_gmt":"2024-11-02T15:26:53","slug":"2048-ragazzi-boxer","status":"publish","type":"product","link":"https:\/\/mioundies.com\/it\/shop\/bambino\/mutande-ragazzo\/2048-ragazzi-boxer\/","title":{"rendered":"2048 BOXER DA RAGAZZO &#8211; CONFEZIONE DA 2"},"content":{"rendered":"<p>Ti presentiamo il nostro Boxer, in confezione da 2 pezzi per ragazzi, la miscela perfetta di comfort e stile per il tuo piccolo. Progettati per i giorni attivi e giocosi, questi boxer sono un punto fermo nel guardaroba di ogni ragazzo.<\/p>\n<p><strong>Caratteristiche principali:<\/strong><\/p>\n<ul>\n<li><strong>Vestibilit\u00e0 comoda:<\/strong> Realizzati con una miscela di 95% cotone e 5% elastan, questi boxer sono morbidi sulla pelle e offrono l&#8217;elasticit\u00e0 perfetta per un comfort che dura tutto il giorno.<\/li>\n<li><strong>Elastico in vita:<\/strong> L&#8217;elastico in vita assicura una vestibilit\u00e0 aderente e confortevole che si muove con il tuo bambino, rendendolo ideale per l&#8217;uso quotidiano e il gioco attivo.<\/li>\n<li><strong>Design durevole:<\/strong> Realizzati per resistere ai rigori del gioco e ai lavaggi frequenti, questi boxer sono resistenti e duraturi.<\/li>\n<li><strong>Confezione da due:<\/strong> Viene fornito in una comoda confezione da due, che facilita la scorta di questo articolo essenziale.<\/li>\n<li><strong>Materiale delicato sulla pelle:<\/strong> Il misto cotone di alta qualit\u00e0 \u00e8 delicato sulla pelle sensibile e traspirante, mantenendo il tuo piccolo fresco e comodo.<\/li>\n<li><strong>Facile da curare:<\/strong> Lavabili in lavatrice e di facile manutenzione, questi boxer sono una scelta pratica per i genitori impegnati.<\/li>\n<li><strong>Stile versatile:<\/strong> Il design classico \u00e8 abbastanza versatile da poter essere indossato sotto qualsiasi outfit, dalle uniformi scolastiche all&#8217;abbigliamento casual per il fine settimana.<\/li>\n<\/ul>\n<p><strong>Istruzioni per la cura:<\/strong><\/p>\n<ul>\n<li>Lavare in lavatrice massimo 40\u00b0 gradi.<\/li>\n<li>Non candeggiare. Stirare a fuoco basso se necessario.<\/li>\n<\/ul>\n<p>Equipaggia il tuo bambino con il comfort e l&#8217;affidabilit\u00e0 del nostro BOXER DA RAGAZZO in confezione da 2, progettato per stare al passo con ogni sua avventura!<\/p>\n","protected":false},"excerpt":{"rendered":"<p>Garantisci il comfort quotidiano al tuo bambino con il nostro BOXER DA RAGAZZO in confezione da 2, realizzato in un morbido ed elastico misto cotone-elastan, perfetto per ragazzi attivi e in crescita.<\/p>\n<p style=\"color:red;\">Suggeriamo di acquistare una taglia pi\u00f9 piccola perch\u00e9 questo BRAND ha una vestibilit\u00e0 abbondante. Per essere sicuri, consultare la tabella delle taglie.<\/p>\n","protected":false},"featured_media":3031,"comment_status":"open","ping_status":"closed","template":"","meta":{"neve_meta_sidebar":"","neve_meta_container":"","neve_meta_enable_content_width":"off","neve_meta_content_width":100,"neve_meta_title_alignment":"","neve_meta_author_avatar":"","neve_post_elements_order":"","neve_meta_disable_header":"","neve_meta_disable_footer":"","neve_meta_disable_title":"","neve_meta_reading_time":""},"product_brand":[],"product_cat":[344,345],"product_tag":[],"class_list":{"0":"post-2487","1":"product","2":"type-product","3":"status-publish","4":"has-post-thumbnail","6":"product_cat-bambino","7":"product_cat-mutande-ragazzo","9":"first","10":"outofstock","11":"taxable","12":"shipping-taxable","13":"purchasable","14":"product-type-variable","15":"has-default-attributes","16":"rtwpvg-product","17":"rtwpvs-product"},"supplier_id":null,"supplier_sku":"","barcode":null,"atum_controlled":true,"out_stock_date":null,"out_stock_threshold":null,"inheritable":false,"inbound_stock":0,"stock_on_hold":0,"sold_today":0,"sales_last_days":0,"reserved_stock":0,"customer_returns":0,"warehouse_damage":0,"lost_in_post":0,"other_logs":0,"out_stock_days":0,"lost_sales":0,"has_location":false,"update_date":"2026-05-06T04:12:47","atum_locations":[],"atum_stock_status":"outofstock","restock_status":false,"low_stock_amount":"","sales_update_date":"2026-05-06T04:12:47","calc_backorders":null,"_links":{"self":[{"href":"https:\/\/mioundies.com\/it\/wp-json\/wp\/v2\/product\/2487","targetHints":{"allow":["GET"]}}],"collection":[{"href":"https:\/\/mioundies.com\/it\/wp-json\/wp\/v2\/product"}],"about":[{"href":"https:\/\/mioundies.com\/it\/wp-json\/wp\/v2\/types\/product"}],"replies":[{"embeddable":true,"href":"https:\/\/mioundies.com\/it\/wp-json\/wp\/v2\/comments?post=2487"}],"wp:featuredmedia":[{"embeddable":true,"href":"https:\/\/mioundies.com\/it\/wp-json\/wp\/v2\/media\/3031"}],"wp:attachment":[{"href":"https:\/\/mioundies.com\/it\/wp-json\/wp\/v2\/media?parent=2487"}],"wp:term":[{"taxonomy":"product_brand","embeddable":true,"href":"https:\/\/mioundies.com\/it\/wp-json\/wp\/v2\/product_brand?post=2487"},{"taxonomy":"product_cat","embeddable":true,"href":"https:\/\/mioundies.com\/it\/wp-json\/wp\/v2\/product_cat?post=2487"},{"taxonomy":"product_tag","embeddable":true,"href":"https:\/\/mioundies.com\/it\/wp-json\/wp\/v2\/product_tag?post=2487"}],"curies":[{"name":"wp","href":"https:\/\/api.w.org\/{rel}","templated":true}]}}