{"id":2458,"date":"2024-01-04T10:16:40","date_gmt":"2024-01-04T09:16:40","guid":{"rendered":"https:\/\/mioundies.com\/shop\/senza-categoria\/1425-donne-bambu-lycra-corda-cinghia-canottiera\/"},"modified":"2024-12-15T10:39:19","modified_gmt":"2024-12-15T09:39:19","slug":"1425-donne-bambu-lycra-corda-cinghia-canottiera","status":"publish","type":"product","link":"https:\/\/mioundies.com\/it\/shop\/bambu-it\/maglia-intima-bambu\/1425-donne-bambu-lycra-corda-cinghia-canottiera\/","title":{"rendered":"1425 CANOTTA DONNA SPALLA STRETTA IN BAMB\u00d9"},"content":{"rendered":"<p>Scopri la perfetta fusione di sostenibilit\u00e0 e stile con la nostra &#8220;1425 CANOTTA A SPALLA STRETTA IN BAMB\u00d9&#8221;. Realizzata in una lussuosa miscela di 95% bamb\u00f9 e 5% elastan, questa canotta \u00e8 progettata per offrire un comfort eccezionale, flessibilit\u00e0 e una vestibilit\u00e0 lusinghiera. Ideale per la donna che apprezza sia la forma che la funzione.<\/p>\n<p><strong>Caratteristiche principali:<\/strong><\/p>\n<ul>\n<li><strong>Massimo comfort:<\/strong> Il tessuto di bamb\u00f9 morbido e traspirante offre il massimo comfort a contatto con la pelle, ideale per l&#8217;uso quotidiano.<\/li>\n<li><strong>Elasticit\u00e0 per una vestibilit\u00e0 perfetta:<\/strong> Con il 5% di elastan, goditi una vestibilit\u00e0 aderente che si muove con te, offrendo flessibilit\u00e0 senza perdere la forma.<\/li>\n<li><strong>Design unico della spalla stretta:<\/strong> Eleva il tuo stile con l&#8217;esclusivo design della spalla stretta, aggiungendo un tocco di eleganza alla tua collezione di indumenti intimi.<\/li>\n<li><strong>Assorbimento dell&#8217;umidit\u00e0:<\/strong> Rimani asciutto e comodo per tutto il giorno, grazie alle naturali propriet\u00e0 di assorbimento dell&#8217;umidit\u00e0 del bamb\u00f9.<\/li>\n<li><strong>Resistenza agli odori:<\/strong> Le qualit\u00e0 antibatteriche naturali del bamb\u00f9 fanno s\u00ec che la tua canottiera rimanga fresca pi\u00f9 a lungo.<\/li>\n<li><strong>Abbigliamento versatile:<\/strong> Perfetto come strato di base sotto i tuoi outfit preferiti o come capo elegante durante le giornate pi\u00f9 calde.<\/li>\n<\/ul>\n<p><strong>Istruzioni per la cura:<\/strong><\/p>\n<ul>\n<li>Lavare in lavatrice a freddo, ciclo delicato con colori simili<\/li>\n<li>Non candeggiare<\/li>\n<li>Appendere o stendere ad asciugare<\/li>\n<li>Possibilmente stirare a basse temperature<\/li>\n<\/ul>\n<p><strong>Taglia e vestibilit\u00e0:<\/strong> Disponibile in varie misure. Dai un&#8217;occhiata alla nostra tabella delle taglie per trovare la vestibilit\u00e0 perfetta per te, garantendo comfort e stile.<\/p>\n<p>Eleva il tuo gioco di indumenti intimi con la &#8220;1425 CANOTTA A SPALLA STRETTA IN BAMB\u00d9&#8221;. Non \u00e8 solo una canotta; \u00c8 una dichiarazione del tuo impegno per il comfort. Aggiungi questo capo must-have al tuo guardaroba oggi stesso e abbraccia la miscela perfetta di moda e comfort senza pari.<\/p>\n","protected":false},"excerpt":{"rendered":"<p>Abbraccia il comfort e lo stile unico con la nostra &#8220;1425 CANOTTA DONNA SPALLA STRETTA IN BAMB\u00d9&#8221;, che unisce il 95% di bamb\u00f9 e il 5% di elastan per una vestibilit\u00e0 morbida e flessibile e un look elegante.<\/p>\n<p style=\"color:red;\">Suggeriamo di acquistare una taglia pi\u00f9 piccola perch\u00e9 questo BRAND ha una vestibilit\u00e0 abbondante. Per essere sicuri, consultare la tabella delle taglie.<\/p>\n","protected":false},"featured_media":2463,"comment_status":"open","ping_status":"closed","template":"","meta":{"neve_meta_sidebar":"","neve_meta_container":"","neve_meta_enable_content_width":"off","neve_meta_content_width":100,"neve_meta_title_alignment":"","neve_meta_author_avatar":"","neve_post_elements_order":"","neve_meta_disable_header":"","neve_meta_disable_footer":"","neve_meta_disable_title":"","neve_meta_reading_time":""},"product_brand":[],"product_cat":[332,336],"product_tag":[],"class_list":{"0":"post-2458","1":"product","2":"type-product","3":"status-publish","4":"has-post-thumbnail","6":"product_cat-bambu-it","7":"product_cat-maglia-intima-bambu","9":"first","10":"instock","11":"taxable","12":"shipping-taxable","13":"purchasable","14":"product-type-variable","15":"has-default-attributes","16":"rtwpvg-product","17":"rtwpvs-product"},"supplier_id":null,"supplier_sku":"","barcode":null,"atum_controlled":true,"out_stock_date":null,"out_stock_threshold":null,"inheritable":false,"inbound_stock":0,"stock_on_hold":0,"sold_today":0,"sales_last_days":0,"reserved_stock":0,"customer_returns":0,"warehouse_damage":0,"lost_in_post":0,"other_logs":0,"out_stock_days":0,"lost_sales":0,"has_location":null,"update_date":"2026-05-06T04:16:34","atum_locations":[],"atum_stock_status":"instock","restock_status":false,"low_stock_amount":"","sales_update_date":"2026-05-06T04:16:34","calc_backorders":null,"_links":{"self":[{"href":"https:\/\/mioundies.com\/it\/wp-json\/wp\/v2\/product\/2458","targetHints":{"allow":["GET"]}}],"collection":[{"href":"https:\/\/mioundies.com\/it\/wp-json\/wp\/v2\/product"}],"about":[{"href":"https:\/\/mioundies.com\/it\/wp-json\/wp\/v2\/types\/product"}],"replies":[{"embeddable":true,"href":"https:\/\/mioundies.com\/it\/wp-json\/wp\/v2\/comments?post=2458"}],"wp:featuredmedia":[{"embeddable":true,"href":"https:\/\/mioundies.com\/it\/wp-json\/wp\/v2\/media\/2463"}],"wp:attachment":[{"href":"https:\/\/mioundies.com\/it\/wp-json\/wp\/v2\/media?parent=2458"}],"wp:term":[{"taxonomy":"product_brand","embeddable":true,"href":"https:\/\/mioundies.com\/it\/wp-json\/wp\/v2\/product_brand?post=2458"},{"taxonomy":"product_cat","embeddable":true,"href":"https:\/\/mioundies.com\/it\/wp-json\/wp\/v2\/product_cat?post=2458"},{"taxonomy":"product_tag","embeddable":true,"href":"https:\/\/mioundies.com\/it\/wp-json\/wp\/v2\/product_tag?post=2458"}],"curies":[{"name":"wp","href":"https:\/\/api.w.org\/{rel}","templated":true}]}}