{"id":2390,"date":"2024-02-16T18:22:15","date_gmt":"2024-02-16T17:22:15","guid":{"rendered":"https:\/\/mioundies.com\/shop\/senza-categoria\/1985-culotte-zenska-emy-visoka\/"},"modified":"2024-11-02T16:10:20","modified_gmt":"2024-11-02T15:10:20","slug":"1985-culotte-zenska-emy-visoka","status":"publish","type":"product","link":"https:\/\/mioundies.com\/it\/shop\/donna\/mutande-donna\/1985-culotte-zenska-emy-visoka\/","title":{"rendered":"CULOTTE A VITA ALTA IN PIZZO ITALIANO EMY 1985"},"content":{"rendered":"<p>Vi presentiamo la CULOTTE A VITA ALTA CON PIZZO ITALIANO EMY 1985, dove l&#8217;eleganza incontra il comfort quotidiano. Realizzata con una lussuosa miscela di 45% cotone, 45% modal e 10% elastan, questa culotte combina morbidezza, traspirabilit\u00e0 e la giusta elasticit\u00e0 per una vestibilit\u00e0 lusinghiera e confortevole. Decorato con squisiti dettagli in pizzo italiano sulla vita alta, offre un tocco di romanticismo e raffinatezza alla tua collezione di lingerie.<\/p>\n<p><strong>Caratteristiche principali:<\/strong><\/p>\n<ul>\n<li><strong>Lussuoso tessuto misto:<\/strong> goditi il \u200b\u200bcomfort morbido e traspirante del cotone e del modal, arricchito con elastan per un&#8217;elasticit\u00e0 perfetta.<\/li>\n<li><strong>Dettagli in pizzo italiano:<\/strong> migliora il tuo guardaroba con il tocco elegante del pizzo italiano di alta qualit\u00e0, aggiungendo un tocco di raffinatezza e stile.<\/li>\n<li><strong>Design a vita alta:<\/strong> il taglio a vita alta non solo offre supporto extra ma accentua anche la tua silhouette, fornendo un look elegante e lusinghiero.<\/li>\n<li><strong>Eleganza versatile:<\/strong> perfetta per occasioni speciali o per aggiungere un tocco lussuoso al tuo abbigliamento quotidiano.<\/li>\n<li><strong>Facile da pulire:<\/strong> progettato per durare nel tempo e facile da pulire, mantenendo la forma e la bellezza lavaggio dopo lavaggio.<\/li>\n<\/ul>\n<p><strong>Taglie disponibili:<\/strong> XS, S, M, L, XL<\/p>\n<p><strong>Colore:<\/strong> disponibile in vari colori e taglie<\/p>\n<p><strong>Ideale per:<\/strong> valorizzare la tua lingerie di tutti i giorni, occasioni speciali<\/p>\n<p>Il CULOTTE A VITA ALTA PIZZO ITALIANO EMY 1985 \u00e8 una testimonianza della bellezza in fusione con funzionalit\u00e0 e moda, rendilo un must nella tua collezione di lingerie. Senti la differenza del tessuto premium e del design raffinato ad ogni indosso.<\/p>\n","protected":false},"excerpt":{"rendered":"<p>Abbraccia l&#8217;eleganza con la CULOTTE A VITA ALTA PIZZO ITALIANO EMY 1985, caratterizzata da una lussuosa miscela di cotone, modal ed elastan, ornata con squisito pizzo italiano per un comfort sofisticato.<\/p>\n<p style=\"color: red;\">Suggeriamo di acquistare una taglia pi\u00f9 grande perch\u00e9 questo MARCHIO veste piccolo. Per sicurezza consulta la tabella delle taglie<\/p>\n","protected":false},"featured_media":3139,"comment_status":"open","ping_status":"closed","template":"","meta":{"neve_meta_sidebar":"","neve_meta_container":"","neve_meta_enable_content_width":"off","neve_meta_content_width":100,"neve_meta_title_alignment":"","neve_meta_author_avatar":"","neve_post_elements_order":"","neve_meta_disable_header":"","neve_meta_disable_footer":"","neve_meta_disable_title":"","neve_meta_reading_time":""},"product_brand":[],"product_cat":[337,339],"product_tag":[],"class_list":{"0":"post-2390","1":"product","2":"type-product","3":"status-publish","4":"has-post-thumbnail","6":"product_cat-donna","7":"product_cat-mutande-donna","9":"first","10":"instock","11":"taxable","12":"shipping-taxable","13":"purchasable","14":"product-type-variable","15":"has-default-attributes","16":"rtwpvg-product","17":"rtwpvs-product"},"supplier_id":null,"supplier_sku":"","barcode":null,"atum_controlled":true,"out_stock_date":null,"out_stock_threshold":null,"inheritable":false,"inbound_stock":0,"stock_on_hold":0,"sold_today":0,"sales_last_days":0,"reserved_stock":0,"customer_returns":0,"warehouse_damage":0,"lost_in_post":0,"other_logs":0,"out_stock_days":0,"lost_sales":0,"has_location":false,"update_date":"2026-05-06T04:14:44","atum_locations":[],"atum_stock_status":"instock","restock_status":false,"low_stock_amount":"","sales_update_date":"2026-05-06T04:14:44","calc_backorders":null,"_links":{"self":[{"href":"https:\/\/mioundies.com\/it\/wp-json\/wp\/v2\/product\/2390","targetHints":{"allow":["GET"]}}],"collection":[{"href":"https:\/\/mioundies.com\/it\/wp-json\/wp\/v2\/product"}],"about":[{"href":"https:\/\/mioundies.com\/it\/wp-json\/wp\/v2\/types\/product"}],"replies":[{"embeddable":true,"href":"https:\/\/mioundies.com\/it\/wp-json\/wp\/v2\/comments?post=2390"}],"wp:featuredmedia":[{"embeddable":true,"href":"https:\/\/mioundies.com\/it\/wp-json\/wp\/v2\/media\/3139"}],"wp:attachment":[{"href":"https:\/\/mioundies.com\/it\/wp-json\/wp\/v2\/media?parent=2390"}],"wp:term":[{"taxonomy":"product_brand","embeddable":true,"href":"https:\/\/mioundies.com\/it\/wp-json\/wp\/v2\/product_brand?post=2390"},{"taxonomy":"product_cat","embeddable":true,"href":"https:\/\/mioundies.com\/it\/wp-json\/wp\/v2\/product_cat?post=2390"},{"taxonomy":"product_tag","embeddable":true,"href":"https:\/\/mioundies.com\/it\/wp-json\/wp\/v2\/product_tag?post=2390"}],"curies":[{"name":"wp","href":"https:\/\/api.w.org\/{rel}","templated":true}]}}