{"id":2389,"date":"2024-01-23T22:34:56","date_gmt":"2024-01-23T21:34:56","guid":{"rendered":"https:\/\/mioundies.com\/shop\/senza-categoria\/1035-gilet-bambina-con-spalline-sottili\/"},"modified":"2025-02-25T13:00:33","modified_gmt":"2025-02-25T12:00:33","slug":"1035-gilet-bambina-con-spalline-sottili","status":"publish","type":"product","link":"https:\/\/mioundies.com\/it\/shop\/bambina\/maglia-intima-girl\/1035-gilet-bambina-con-spalline-sottili\/","title":{"rendered":"1035 CANOTTA BAMBINA A SPALLA SOTTILE"},"content":{"rendered":"<p>Ti presentiamo la nostra canotta con spalla sottile per bambina, la perfetta combinazione di comfort e stile carino per la tua bambina. Appositamente progettati per la pelle delicata dei pi\u00f9 piccoli, queste canotte sono essenziali per l&#8217;uso quotidiano.<\/p>\n<p><strong>Caratteristiche principali:<\/strong><\/p>\n<ul>\n<li><strong>Delicato e confortevole:<\/strong> Realizzati con il 95% di cotone e il 5% di elastan, queste canotte sono incredibilmente morbide e garantiscono comfort a contatto con la pelle della tua bambina.<\/li>\n<li><strong>Tessuto traspirante:<\/strong> Il misto cotone di alta qualit\u00e0 garantisce traspirabilit\u00e0, mantenendo la tua bambina fresca e comoda.<\/li>\n<li><strong>Durevole ed elastico:<\/strong> Costruite per durare in tutte le sue avventure, queste canotte sono resistenti e offrono la giusta quantit\u00e0 di elasticit\u00e0 per il gioco attivo.<\/li>\n<li><strong>Facilit\u00e0 di manutenzione e manutenzione:<\/strong> Lavabili in lavatrice e di facile manutenzione, ideali per genitori impegnati.<\/li>\n<li><strong>Uso versatile:<\/strong> Perfetti sotto qualsiasi outfit, offrono un ulteriore strato di calore nei climi pi\u00f9 freddi o possono essere indossati da soli durante le giornate pi\u00f9 calde.<\/li>\n<\/ul>\n<p><strong>Istruzioni per la cura:<\/strong><\/p>\n<ul>\n<li>Lavare in lavatrice in acqua fredda con colori simili.<\/li>\n<li>Asciugare in asciugatrice a bassa temperatura.<\/li>\n<li>Evitare l&#8217;uso di candeggina. Se necessario, stirare a fuoco basso.<\/li>\n<\/ul>\n<p>Aggiorna il guardaroba della tua bambina con la nostra canotta a spalle sottili per bambina, progettata per il comfort, lo stile e l&#8217;uso pratico di tutti i giorni!<\/p>\n","protected":false},"excerpt":{"rendered":"<p>Mantieni la tua bambina comoda ed elegante con la nostra canotta a spalle sottili da bambina, realizzata in morbido misto cotone-elastan, ideale per il suo abbigliamento quotidiano e le sue avventure.<\/p>\n<p style=\"color:red;\">Suggeriamo di acquistare una taglia pi\u00f9 piccola perch\u00e9 questo BRAND ha una vestibilit\u00e0 abbondante. Per essere sicuri, consultare la tabella delle taglie.<\/p>\n","protected":false},"featured_media":2393,"comment_status":"open","ping_status":"closed","template":"","meta":{"neve_meta_sidebar":"","neve_meta_container":"","neve_meta_enable_content_width":"off","neve_meta_content_width":100,"neve_meta_title_alignment":"","neve_meta_author_avatar":"","neve_post_elements_order":"","neve_meta_disable_header":"","neve_meta_disable_footer":"","neve_meta_disable_title":"","neve_meta_reading_time":""},"product_brand":[],"product_cat":[334,396],"product_tag":[],"class_list":{"0":"post-2389","1":"product","2":"type-product","3":"status-publish","4":"has-post-thumbnail","6":"product_cat-bambina","7":"product_cat-maglia-intima-girl","9":"first","10":"instock","11":"taxable","12":"shipping-taxable","13":"purchasable","14":"product-type-variable","15":"has-default-attributes","16":"rtwpvg-product","17":"rtwpvs-product"},"supplier_id":null,"supplier_sku":"","barcode":null,"atum_controlled":true,"out_stock_date":null,"out_stock_threshold":null,"inheritable":false,"inbound_stock":0,"stock_on_hold":0,"sold_today":0,"sales_last_days":0,"reserved_stock":0,"customer_returns":0,"warehouse_damage":0,"lost_in_post":0,"other_logs":0,"out_stock_days":0,"lost_sales":0,"has_location":false,"update_date":"2026-05-09T04:24:07","atum_locations":[],"atum_stock_status":"instock","restock_status":false,"low_stock_amount":"","sales_update_date":"2026-05-09T04:24:07","calc_backorders":null,"_links":{"self":[{"href":"https:\/\/mioundies.com\/it\/wp-json\/wp\/v2\/product\/2389","targetHints":{"allow":["GET"]}}],"collection":[{"href":"https:\/\/mioundies.com\/it\/wp-json\/wp\/v2\/product"}],"about":[{"href":"https:\/\/mioundies.com\/it\/wp-json\/wp\/v2\/types\/product"}],"replies":[{"embeddable":true,"href":"https:\/\/mioundies.com\/it\/wp-json\/wp\/v2\/comments?post=2389"}],"wp:featuredmedia":[{"embeddable":true,"href":"https:\/\/mioundies.com\/it\/wp-json\/wp\/v2\/media\/2393"}],"wp:attachment":[{"href":"https:\/\/mioundies.com\/it\/wp-json\/wp\/v2\/media?parent=2389"}],"wp:term":[{"taxonomy":"product_brand","embeddable":true,"href":"https:\/\/mioundies.com\/it\/wp-json\/wp\/v2\/product_brand?post=2389"},{"taxonomy":"product_cat","embeddable":true,"href":"https:\/\/mioundies.com\/it\/wp-json\/wp\/v2\/product_cat?post=2389"},{"taxonomy":"product_tag","embeddable":true,"href":"https:\/\/mioundies.com\/it\/wp-json\/wp\/v2\/product_tag?post=2389"}],"curies":[{"name":"wp","href":"https:\/\/api.w.org\/{rel}","templated":true}]}}