{"id":2387,"date":"2024-01-04T10:04:17","date_gmt":"2024-01-04T09:04:17","guid":{"rendered":"https:\/\/mioundies.com\/shop\/senza-categoria\/1424-atleta-uomo-bamboo\/"},"modified":"2024-12-15T10:41:45","modified_gmt":"2024-12-15T09:41:45","slug":"1424-atleta-uomo-bamboo","status":"publish","type":"product","link":"https:\/\/mioundies.com\/it\/shop\/bambu-it\/maglia-intima-bambu\/1424-atleta-uomo-bamboo\/","title":{"rendered":"1424 CANOTTA UOMO SPORTIVA IN BAMBU&#8217;"},"content":{"rendered":"<p>Ti presentiamo la &#8220;1424 CANOTTA UOMO SPORTIVA IN BAMBU'&#8221; &#8211; il mix definitivo di comfort e durata. Realizzato con il 95% bamb\u00f9 e il 5% elastan. Questo abbigliamento sportivo \u00e8 progettato per supportare l&#8217;uomo moderno in ogni allenamento e oltre.<\/p>\n<p><strong>Caratteristiche principali:<\/strong><\/p>\n<ul>\n<li><strong>Comfort supremo:<\/strong> Sperimenta una morbidezza e un comfort senza pari con il nostro tessuto di bamb\u00f9 di alta qualit\u00e0. \u00c8 delicato sulla pelle, il che lo rende perfetto per essere indossato tutto il giorno o per sessioni di allenamento intense.<\/li>\n<li><strong>Eccellenza nell&#8217;assorbimento dell&#8217;umidit\u00e0:<\/strong> Rimani asciutto e comodo, indipendentemente dall&#8217;attivit\u00e0. Il nostro materiale in bamb\u00f9 allontana naturalmente l&#8217;umidit\u00e0 dalla pelle, mantenendoti fresco e asciutto.<\/li>\n<li><strong>Durevole ed elastico:<\/strong> L&#8217;aggiunta del 5% di elastan assicura una vestibilit\u00e0 flessibile che segue i tuoi movimenti, offrendo resistenza e facilit\u00e0 di movimento senza sacrificare la forma o la funzione.<\/li>\n<li><strong>Antibatterico e resistente agli odori:<\/strong> Mantieni la freschezza tutto il giorno. Il bamb\u00f9 ha propriet\u00e0 antibatteriche naturali, riducendo i batteri che causano cattivi odori e assicurando che la tua attrezzatura rimanga pi\u00f9 fresca e pi\u00f9 a lungo.<\/li>\n<li><strong>Stile versatile:<\/strong> Progettato con un look elegante e moderno che passa senza soluzione di continuit\u00e0 dalla palestra alle uscite casuali. Che si tratti di un allenamento o di una giornata fuori, il &#8220;1424 CANOTTA UOMO SPORTIVA IN BAMBU'&#8221; ti veste.<\/li>\n<\/ul>\n<p><strong>Istruzioni per la cura:<\/strong><\/p>\n<ul>\n<li>Lavare in lavatrice a freddo con colori simili<\/li>\n<li>Non candeggiare<\/li>\n<li>Asciugare in asciugatrice a bassa temperatura<\/li>\n<li>Possibilmente stirare a basse temperature.<\/li>\n<\/ul>\n<p><strong>Taglia e vestibilit\u00e0:<\/strong> Disponibile in varie misure per garantire una vestibilit\u00e0 perfetta. Fai riferimento alla nostra tabella delle taglie per trovare il tuo abbinamento ideale.<\/p>\n<p>Eleva il tuo guardaroba sportivo con la &#8220;1424 CANOTTA UOMO SPORTIVA IN BAMBU'&#8221; \u2013 dove la funzionalit\u00e0 incontra la flessibilit\u00e0. Perfetto per l&#8217;atleta che non vuole scendere a compromessi in termini di stile o prestazioni. Aggiungilo oggi alla tua collezione e sperimenta la perfetta sinergia tra natura e tecnologia.<\/p>\n","protected":false},"excerpt":{"rendered":"<p>Sperimenta un comfort senza pari con la nostra &#8220;1424 CANOTTA UOMO SPORTIVA IN BAMBU'&#8221;, realizzata al 95% in bamb\u00f9 e al 5% in elastan per il perfetto mix di morbidezza, durata e flessibilit\u00e0.<\/p>\n<p style=\"color:red;\">Suggeriamo di acquistare una taglia pi\u00f9 piccola perch\u00e9 questo BRAND ha una vestibilit\u00e0 abbondante. Per essere sicuri, consultare la tabella delle taglie.<\/p>\n","protected":false},"featured_media":2392,"comment_status":"open","ping_status":"closed","template":"","meta":{"neve_meta_sidebar":"","neve_meta_container":"","neve_meta_enable_content_width":"off","neve_meta_content_width":100,"neve_meta_title_alignment":"","neve_meta_author_avatar":"","neve_post_elements_order":"","neve_meta_disable_header":"","neve_meta_disable_footer":"","neve_meta_disable_title":"","neve_meta_reading_time":""},"product_brand":[],"product_cat":[332,336],"product_tag":[],"class_list":{"0":"post-2387","1":"product","2":"type-product","3":"status-publish","4":"has-post-thumbnail","6":"product_cat-bambu-it","7":"product_cat-maglia-intima-bambu","9":"first","10":"instock","11":"taxable","12":"shipping-taxable","13":"purchasable","14":"product-type-variable","15":"has-default-attributes","16":"rtwpvg-product","17":"rtwpvs-product"},"supplier_id":null,"supplier_sku":"","barcode":null,"atum_controlled":true,"out_stock_date":null,"out_stock_threshold":null,"inheritable":false,"inbound_stock":0,"stock_on_hold":1,"sold_today":0,"sales_last_days":0,"reserved_stock":0,"customer_returns":0,"warehouse_damage":0,"lost_in_post":0,"other_logs":0,"out_stock_days":0,"lost_sales":0,"has_location":null,"update_date":"2026-05-08T15:53:12","atum_locations":[],"atum_stock_status":"instock","restock_status":false,"low_stock_amount":"","sales_update_date":"2026-05-08T04:13:39","calc_backorders":null,"_links":{"self":[{"href":"https:\/\/mioundies.com\/it\/wp-json\/wp\/v2\/product\/2387","targetHints":{"allow":["GET"]}}],"collection":[{"href":"https:\/\/mioundies.com\/it\/wp-json\/wp\/v2\/product"}],"about":[{"href":"https:\/\/mioundies.com\/it\/wp-json\/wp\/v2\/types\/product"}],"replies":[{"embeddable":true,"href":"https:\/\/mioundies.com\/it\/wp-json\/wp\/v2\/comments?post=2387"}],"wp:featuredmedia":[{"embeddable":true,"href":"https:\/\/mioundies.com\/it\/wp-json\/wp\/v2\/media\/2392"}],"wp:attachment":[{"href":"https:\/\/mioundies.com\/it\/wp-json\/wp\/v2\/media?parent=2387"}],"wp:term":[{"taxonomy":"product_brand","embeddable":true,"href":"https:\/\/mioundies.com\/it\/wp-json\/wp\/v2\/product_brand?post=2387"},{"taxonomy":"product_cat","embeddable":true,"href":"https:\/\/mioundies.com\/it\/wp-json\/wp\/v2\/product_cat?post=2387"},{"taxonomy":"product_tag","embeddable":true,"href":"https:\/\/mioundies.com\/it\/wp-json\/wp\/v2\/product_tag?post=2387"}],"curies":[{"name":"wp","href":"https:\/\/api.w.org\/{rel}","templated":true}]}}