{"id":3646,"date":"2024-06-23T09:11:23","date_gmt":"2024-06-23T07:11:23","guid":{"rendered":"https:\/\/mioundies.com\/shop\/Bez%20kategorije\/1486-boy-clothing-vest-boxer-football\/"},"modified":"2024-11-02T15:55:03","modified_gmt":"2024-11-02T14:55:03","slug":"1486-bokser-odjecni-prsluk-za-djecake","status":"publish","type":"product","link":"https:\/\/mioundies.com\/hr\/shop\/clothing-vest-boxer-hr\/1486-bokser-odjecni-prsluk-za-djecake\/","title":{"rendered":"1486 BOKSER ODJE\u0106NI PRSLUK ZA DJE\u010cAKE &#8211; IDEJA ZA DAR"},"content":{"rendered":"<div class=\"flex flex-grow flex-col max-w-full\">\n<div class=\"min-h-[20px] text-message flex flex-col items-start whitespace-pre-wrap break-words [.text-message+&amp;]:mt-5 juice:w-full juice:items-end overflow-x-auto gap-2\" dir=\"auto\" data-message-author-role=\"assistant\" data-message-id=\"b9966e7f-9edc-47da-9c44-1f0cf50efc37\">\n<div class=\"flex w-full flex-col gap-1 juice:empty:hidden juice:first:pt-[3px]\">\n<div class=\"markdown prose w-full break-words dark:prose-invert dark\">\n<p>Predstavljamo na\u0161 <strong>1486 BOKSER ODJE\u0106NI PRSLUK ZA DJE\u010cAKE<\/strong>, savr\u0161en spoj udobnosti i razigranog stila za va\u0161eg malog dje\u010daka. Uz zabavne ispise na temu nogometa, ovi setovi su obavezni za svakodnevno no\u0161enje.<\/p>\n<p><strong>Glavne zna\u010dajke:<\/strong><\/p>\n<ul>\n<li>Nje\u017eni i udobni: Izra\u0111eni od 95% pamuka i 5% elastina, ovi prsluci i bokserice su nevjerojatno mekani, osiguravaju\u0107i nje\u017enu udobnost na ko\u017ei va\u0161eg djeteta.<\/li>\n<li>Zabavni nogometni ispisi: Uzbudljivi dizajni na temu nogometa dodaju element zabave, \u010dine\u0107i odijevanje radosnim iskustvom.<\/li>\n<li>Prozra\u010dna tkanina: visokokvalitetna mje\u0161avina pamuka osigurava prozra\u010dnost, odr\u017eavaju\u0107i va\u0161eg dje\u010daka hladnim i udobnim.<\/li>\n<li>Izdr\u017eljiv i rastezljiv: Napravljeni da izdr\u017ee kroz sve njegove avanture, ovi setovi su izdr\u017eljivi i nude pravu koli\u010dinu rastezljivosti za aktivnu igru.<\/li>\n<li>Jednostavna njega i odr\u017eavanje: Ovi setovi koji se mogu prati u perilici i jednostavni su za odr\u017eavanje savr\u0161eni su za zaposlene roditelje.<\/li>\n<\/ul>\n<p><strong>Upute za njegu:<\/strong><\/p>\n<ul>\n<li>Perite u stroju u hladnoj vodi sa sli\u010dnim bojama.<\/li>\n<li>Su\u0161iti u su\u0161ilici na niskoj razini.<\/li>\n<li>Izbjegavajte kori\u0161tenje izbjeljiva\u010da. Po potrebi gla\u010dajte na niskoj temperaturi.<\/li>\n<\/ul>\n<p>Nadogradite garderobu svog malog dje\u010daka s na\u0161om 1486 BOKSER ODJE\u0106NI PRSLUK ZA DJE\u010cAKE, dizajniranom za udobnost, zabavu i prakti\u010dnu svakodnevnu upotrebu!<\/p>\n<\/div>\n<\/div>\n<\/div>\n<\/div>\n","protected":false},"excerpt":{"rendered":"<p>Lijepo upakiran, <strong>1486 BOKSER ODJE\u0106NI PRSLUK ZA DJE\u010cAKE<\/strong> set je <strong>SAVR\u0160EN ZA DAR<\/strong>. Svaki set, sa svojim zabavnim printovima na temu nogometa, dolazi u atraktivnoj kutiji, \u0161to ga \u010dini idealnim poklonom za svakog mladog avanturista.<\/p>\n","protected":false},"featured_media":3595,"comment_status":"open","ping_status":"closed","template":"","meta":{"neve_meta_sidebar":"","neve_meta_container":"","neve_meta_enable_content_width":"off","neve_meta_content_width":100,"neve_meta_title_alignment":"","neve_meta_author_avatar":"","neve_post_elements_order":"","neve_meta_disable_header":"","neve_meta_disable_footer":"","neve_meta_disable_title":"","neve_meta_reading_time":""},"product_brand":[],"product_cat":[477,226],"product_tag":[],"class_list":{"0":"post-3646","1":"product","2":"type-product","3":"status-publish","4":"has-post-thumbnail","6":"product_cat-clothing-vest-boxer-hr","7":"product_cat-djecak","9":"first","10":"instock","11":"taxable","12":"shipping-taxable","13":"purchasable","14":"product-type-variable","15":"rtwpvg-product","16":"rtwpvs-product"},"supplier_id":null,"supplier_sku":"","barcode":null,"atum_controlled":true,"out_stock_date":null,"out_stock_threshold":null,"inheritable":true,"inbound_stock":0,"stock_on_hold":0,"sold_today":0,"sales_last_days":0,"reserved_stock":0,"customer_returns":0,"warehouse_damage":0,"lost_in_post":0,"other_logs":0,"out_stock_days":0,"lost_sales":0,"has_location":false,"update_date":"2026-05-06T04:15:43","atum_locations":[],"atum_stock_status":"instock","restock_status":false,"low_stock_amount":"","sales_update_date":"2026-05-06T04:15:43","calc_backorders":null,"_links":{"self":[{"href":"https:\/\/mioundies.com\/hr\/wp-json\/wp\/v2\/product\/3646","targetHints":{"allow":["GET"]}}],"collection":[{"href":"https:\/\/mioundies.com\/hr\/wp-json\/wp\/v2\/product"}],"about":[{"href":"https:\/\/mioundies.com\/hr\/wp-json\/wp\/v2\/types\/product"}],"replies":[{"embeddable":true,"href":"https:\/\/mioundies.com\/hr\/wp-json\/wp\/v2\/comments?post=3646"}],"wp:featuredmedia":[{"embeddable":true,"href":"https:\/\/mioundies.com\/hr\/wp-json\/wp\/v2\/media\/3595"}],"wp:attachment":[{"href":"https:\/\/mioundies.com\/hr\/wp-json\/wp\/v2\/media?parent=3646"}],"wp:term":[{"taxonomy":"product_brand","embeddable":true,"href":"https:\/\/mioundies.com\/hr\/wp-json\/wp\/v2\/product_brand?post=3646"},{"taxonomy":"product_cat","embeddable":true,"href":"https:\/\/mioundies.com\/hr\/wp-json\/wp\/v2\/product_cat?post=3646"},{"taxonomy":"product_tag","embeddable":true,"href":"https:\/\/mioundies.com\/hr\/wp-json\/wp\/v2\/product_tag?post=3646"}],"curies":[{"name":"wp","href":"https:\/\/api.w.org\/{rel}","templated":true}]}}