{"id":3613,"date":"2024-06-23T09:01:03","date_gmt":"2024-06-23T07:01:03","guid":{"rendered":"https:\/\/mioundies.com\/shop\/Bez%20kategorije\/1496-girl-clothing-vest-slip-candy\/"},"modified":"2024-11-02T16:02:25","modified_gmt":"2024-11-02T15:02:25","slug":"1496-odjeca-za-djevojcice-vest-slip-candy","status":"publish","type":"product","link":"https:\/\/mioundies.com\/hr\/shop\/djevojka\/odjeca-vest-slip\/1496-odjeca-za-djevojcice-vest-slip-candy\/","title":{"rendered":"1496 ODJE\u0106A ZA DJEVOJ\u010cICE VEST SLIP CANDY &#8211; IDEJA ZA DAR"},"content":{"rendered":"<p>Predstavljamo na\u0161u <strong>1496 ODJE\u0106A ZA DJEVOJ\u010cICE VEST SLIP CANDY<\/strong>, savr\u0161enu mje\u0161avinu udobnosti i razigranog stila za va\u0161u djevoj\u010dicu. Ukra\u0161eni zabavnim i divnim printovima, ovi prsluci dodaju da\u0161ak radosti svakodnevnom no\u0161enju.<\/p>\n<p><strong>Ideja za dar:<\/strong><br \/>\nLijepo zapakirano, savr\u0161eno za darivanje. Svaki prsluk ima \u0161armantne printove i dolazi u elegantnoj kutiji, \u0161to ga \u010dini divnim poklonom za svaku djevoj\u010dicu.<\/p>\n<p>&nbsp;<\/p>\n<p><strong>Glavne zna\u010dajke:<\/strong><\/p>\n<ul>\n<li><strong>Nje\u017eni i udobni:<\/strong> Izra\u0111eni od 95% pamuka i 5% elastina, ovi prsluci su nevjerojatno mekani, osiguravaju\u0107i nje\u017ean dodir ko\u017ee va\u0161eg djeteta.<\/li>\n<li><strong>Prozra\u010dna tkanina:<\/strong> visokokvalitetna mje\u0161avina pamuka osigurava prozra\u010dnost, odr\u017eavaju\u0107i va\u0161u djevoj\u010dicu hladnom i udobnom.<\/li>\n<li><strong>Izdr\u017eljivi i rastezljivi:<\/strong> Napravljeni da izdr\u017ee kroz sve njezine razigrane avanture, ovi prsluci su izdr\u017eljivi i nude pravu koli\u010dinu istezanja za aktivnu zabavu.<\/li>\n<li><strong>Jednostavna njega i odr\u017eavanje:<\/strong> Perivi u perilici i laki za odr\u017eavanje, ovi prsluci savr\u0161eni su za zaposlene roditelje.<\/li>\n<\/ul>\n<p><strong>Upute za njegu:<\/strong><\/p>\n<ul>\n<li>Perite u stroju u hladnoj vodi sa sli\u010dnim bojama.<\/li>\n<li>Su\u0161iti u su\u0161ilici na niskoj razini.<\/li>\n<li>Izbjegavajte kori\u0161tenje izbjeljiva\u010da. Po potrebi gla\u010dajte na niskoj temperaturi.<\/li>\n<li>Nadogradite garderobu svoje djevoj\u010dice s na\u0161im 1496 ODJE\u0106A ZA DJEVOJ\u010cICE VEST SLIP CANDY, dizajniranim za udobnost, stil i prakti\u010dnu svakodnevnu upotrebu. Dopustite joj da u\u017eiva u zabavnim otiscima i ugodnoj udobnosti svaki dan!<\/li>\n<\/ul>\n","protected":false},"excerpt":{"rendered":"<p>Isprobajte ovaj nevjerojatan proizvod, <strong>1496 ODJE\u0106A ZA DJEVOJ\u010cICE VEST SLIP CANDY<\/strong>, prekrasno upakiran, SAVR\u0160EN je ZA DAR.<\/p>\n<p>Svaki prsluk ima \u0161armantne printove i dolazi u elegantnoj kutiji, \u0161to ga \u010dini divnim poklonom za svaku djevoj\u010dicu.<\/p>\n","protected":false},"featured_media":3598,"comment_status":"open","ping_status":"closed","template":"","meta":{"neve_meta_sidebar":"","neve_meta_container":"","neve_meta_enable_content_width":"off","neve_meta_content_width":100,"neve_meta_title_alignment":"","neve_meta_author_avatar":"","neve_post_elements_order":"","neve_meta_disable_header":"","neve_meta_disable_footer":"","neve_meta_disable_title":"","neve_meta_reading_time":""},"product_brand":[],"product_cat":[218,474],"product_tag":[],"class_list":{"0":"post-3613","1":"product","2":"type-product","3":"status-publish","4":"has-post-thumbnail","6":"product_cat-djevojka","7":"product_cat-odjeca-vest-slip","9":"first","10":"instock","11":"taxable","12":"shipping-taxable","13":"purchasable","14":"product-type-variable","15":"rtwpvg-product","16":"rtwpvs-product"},"supplier_id":null,"supplier_sku":"","barcode":null,"atum_controlled":true,"out_stock_date":null,"out_stock_threshold":null,"inheritable":true,"inbound_stock":0,"stock_on_hold":0,"sold_today":0,"sales_last_days":0,"reserved_stock":0,"customer_returns":0,"warehouse_damage":0,"lost_in_post":0,"other_logs":0,"out_stock_days":0,"lost_sales":0,"has_location":false,"update_date":"2026-05-06T04:16:43","atum_locations":[],"atum_stock_status":"instock","restock_status":false,"low_stock_amount":"","sales_update_date":"2026-05-06T04:16:43","calc_backorders":null,"_links":{"self":[{"href":"https:\/\/mioundies.com\/hr\/wp-json\/wp\/v2\/product\/3613","targetHints":{"allow":["GET"]}}],"collection":[{"href":"https:\/\/mioundies.com\/hr\/wp-json\/wp\/v2\/product"}],"about":[{"href":"https:\/\/mioundies.com\/hr\/wp-json\/wp\/v2\/types\/product"}],"replies":[{"embeddable":true,"href":"https:\/\/mioundies.com\/hr\/wp-json\/wp\/v2\/comments?post=3613"}],"wp:featuredmedia":[{"embeddable":true,"href":"https:\/\/mioundies.com\/hr\/wp-json\/wp\/v2\/media\/3598"}],"wp:attachment":[{"href":"https:\/\/mioundies.com\/hr\/wp-json\/wp\/v2\/media?parent=3613"}],"wp:term":[{"taxonomy":"product_brand","embeddable":true,"href":"https:\/\/mioundies.com\/hr\/wp-json\/wp\/v2\/product_brand?post=3613"},{"taxonomy":"product_cat","embeddable":true,"href":"https:\/\/mioundies.com\/hr\/wp-json\/wp\/v2\/product_cat?post=3613"},{"taxonomy":"product_tag","embeddable":true,"href":"https:\/\/mioundies.com\/hr\/wp-json\/wp\/v2\/product_tag?post=3613"}],"curies":[{"name":"wp","href":"https:\/\/api.w.org\/{rel}","templated":true}]}}