{"id":3054,"date":"2024-02-29T21:31:49","date_gmt":"2024-02-29T20:31:49","guid":{"rendered":"https:\/\/mioundies.com\/shop\/Bez%20kategorije\/2040-prsluk-od-likre-s-okruglim-izrezom-za-djecake-2-pak\/"},"modified":"2024-11-02T16:06:33","modified_gmt":"2024-11-02T15:06:33","slug":"2040-potkosulja-od-likre-s-okruglim-izrezom-za-djecake-pakiranje-od-2","status":"publish","type":"product","link":"https:\/\/mioundies.com\/hr\/shop\/djecak\/potkosulja-hr-4\/2040-potkosulja-od-likre-s-okruglim-izrezom-za-djecake-pakiranje-od-2\/","title":{"rendered":"2040 POTKO\u0160ULJA OD LIKRE S OKRUGLIM IZREZOM ZA DJE\u010cAKE &#8211; PAKIRANJE OD 2"},"content":{"rendered":"<p>Predstavljamo na\u0161u potko\u0161ulju s okruglim izrezom od likre za dje\u010dake 2040, dizajniran da ponudi ultimativnu mje\u0161avinu udobnosti i fleksibilnosti za va\u0161e najmla\u0111e. Izra\u0111eni od mje\u0161avine 95% pamuka i 5% elastina, ovi prsluci ne samo da su mekane i nje\u017ene za ko\u017eu, ve\u0107 tako\u0111er pru\u017eaju savr\u0161enu koli\u010dinu rastezljivosti za cjelodnevnu udobnost.<\/p>\n<p><strong>Klju\u010dne zna\u010dajke:<\/strong><\/p>\n<ul>\n<li><strong>Dodatna rastezljivost:<\/strong> s 5% elastina, ovi prsluci nude fleksibilnost i slobodu kretanja, savr\u0161eni za aktivne dje\u010dake.<\/li>\n<li><strong>Dizajn s okruglim izrezom:<\/strong> klasi\u010dan kroj s okruglim izrezom za svestran izgled koji se mo\u017ee nositi samostalno ili u slojevima ispod druge odje\u0107e.<\/li>\n<li><strong>Pakiranje od 2:<\/strong> Dolazi u prakti\u010dnom pakiranju od dva, osiguravaju\u0107i da uvijek imate svje\u017eu spremnu za svoje dijete.<\/li>\n<li><strong>Izdr\u017eljivo i dugotrajno:<\/strong> Dizajnirano da izdr\u017ei napor igranja i opetovanih pranja bez gubitka oblika ili meko\u0107e.<\/li>\n<li><strong>Jednostavno odr\u017eavanje:<\/strong> ove potko\u0161ulje mogu se prati u perilici i lako se odr\u017eavaju, nakon pranja ostaju \u017eivahne i izgledaju novo.<\/li>\n<\/ul>\n<p><strong>Dostupne veli\u010dine:<\/strong> 4-5, 6-7, 8-9, 10-12 godina<\/p>\n<p><strong>Boja:<\/strong> Dostupno u vi\u0161e boja<\/p>\n<p><strong>Idealno za:<\/strong> svakodnevno no\u0161enje, aktivnu igru, raslojavanje tijekom hladnijih mjeseci<\/p>\n<p>Pobrinite se da va\u0161e dijete do\u017eivi neusporedivu udobnost i stil uz na\u0161 2040 POTKO\u0160ULJE S OKRUGLIM IZREZOM ZA DJE\u010cAKE &#8211; 2 PAK. Savr\u0161ena za aktivne dje\u010dake, ove potko\u0161ulje pru\u017eaju meko\u0107u pamuka s fleksibilno\u0161\u0107u elastina za cjelodnevnu lako\u0107u i slobodu.<\/p>\n","protected":false},"excerpt":{"rendered":"<p>Neka va\u0161 dje\u010dak bude udoban i aktivan uz na\u0161e potko\u0161ulje s okruglim izrezom od pamuka i elastina, savr\u0161ene za svakodnevno no\u0161enje i igru.<\/p>\n<p style=\"color:red;\">Predla\u017eemo kupnju jedne veli\u010dine ve\u0107e jer je ova MARKA mala. Kako biste bili sigurni, pogledajte tablicu veli\u010dina<\/p>\n","protected":false},"featured_media":3113,"comment_status":"open","ping_status":"closed","template":"","meta":{"neve_meta_sidebar":"","neve_meta_container":"","neve_meta_enable_content_width":"off","neve_meta_content_width":100,"neve_meta_title_alignment":"","neve_meta_author_avatar":"","neve_post_elements_order":"","neve_meta_disable_header":"","neve_meta_disable_footer":"","neve_meta_disable_title":"","neve_meta_reading_time":""},"product_brand":[],"product_cat":[226,459],"product_tag":[],"class_list":{"0":"post-3054","1":"product","2":"type-product","3":"status-publish","4":"has-post-thumbnail","6":"product_cat-djecak","7":"product_cat-potkosulja-hr-4","9":"first","10":"outofstock","11":"taxable","12":"shipping-taxable","13":"purchasable","14":"product-type-variable","15":"has-default-attributes","16":"rtwpvg-product","17":"rtwpvs-product"},"supplier_id":null,"supplier_sku":"","barcode":null,"atum_controlled":true,"out_stock_date":null,"out_stock_threshold":null,"inheritable":false,"inbound_stock":0,"stock_on_hold":0,"sold_today":0,"sales_last_days":0,"reserved_stock":0,"customer_returns":0,"warehouse_damage":0,"lost_in_post":0,"other_logs":0,"out_stock_days":0,"lost_sales":0,"has_location":false,"update_date":"2026-05-06T04:14:32","atum_locations":[],"atum_stock_status":"outofstock","restock_status":false,"low_stock_amount":"","sales_update_date":"2026-05-06T04:14:32","calc_backorders":null,"_links":{"self":[{"href":"https:\/\/mioundies.com\/hr\/wp-json\/wp\/v2\/product\/3054","targetHints":{"allow":["GET"]}}],"collection":[{"href":"https:\/\/mioundies.com\/hr\/wp-json\/wp\/v2\/product"}],"about":[{"href":"https:\/\/mioundies.com\/hr\/wp-json\/wp\/v2\/types\/product"}],"replies":[{"embeddable":true,"href":"https:\/\/mioundies.com\/hr\/wp-json\/wp\/v2\/comments?post=3054"}],"wp:featuredmedia":[{"embeddable":true,"href":"https:\/\/mioundies.com\/hr\/wp-json\/wp\/v2\/media\/3113"}],"wp:attachment":[{"href":"https:\/\/mioundies.com\/hr\/wp-json\/wp\/v2\/media?parent=3054"}],"wp:term":[{"taxonomy":"product_brand","embeddable":true,"href":"https:\/\/mioundies.com\/hr\/wp-json\/wp\/v2\/product_brand?post=3054"},{"taxonomy":"product_cat","embeddable":true,"href":"https:\/\/mioundies.com\/hr\/wp-json\/wp\/v2\/product_cat?post=3054"},{"taxonomy":"product_tag","embeddable":true,"href":"https:\/\/mioundies.com\/hr\/wp-json\/wp\/v2\/product_tag?post=3054"}],"curies":[{"name":"wp","href":"https:\/\/api.w.org\/{rel}","templated":true}]}}