{"id":2234,"date":"2024-01-23T22:17:08","date_gmt":"2024-01-23T21:17:08","guid":{"rendered":"https:\/\/mioundies.com\/shop\/Bez%20kategorije\/1289-cipkasto-tinejdzersko-donje-rublje\/"},"modified":"2024-11-02T16:35:13","modified_gmt":"2024-11-02T15:35:13","slug":"1289-cipkasto-donje-rublje-za-tinejdzerice-pakiranje-od-2","status":"publish","type":"product","link":"https:\/\/mioundies.com\/hr\/shop\/zena\/gace\/1289-cipkasto-donje-rublje-za-tinejdzerice-pakiranje-od-2\/","title":{"rendered":"1289 \u010cIPKASTO DONJE RUBLJE ZA TINEJD\u017dERICE &#8211; PAKIRANJE OD 2"},"content":{"rendered":"<p>Uvedite eleganciju i udobnost u garderobu va\u0161eg tinejd\u017eera s na\u0161im Lacey Teenage Underwear paketom od 2 komada. Prilago\u0111ene promjenjivim potrebama rastu\u0107ih tinejd\u017eera, ove ga\u0107ice su mje\u0161avina stila, udobnosti i izdr\u017eljivosti.<\/p>\n<p><strong>Klju\u010dne zna\u010dajke:<\/strong><\/p>\n<ul>\n<li><strong>Mekan i udoban materijal:<\/strong> Izra\u0111ene od 80% pamuka, 18% poliamida i 2% elastana, ove ga\u0107ice pru\u017eaju mekan, prozra\u010dan i rastezljiv osje\u0107aj, savr\u0161en za svakodnevnu udobnost.<\/li>\n<li><strong>Elegantni \u010dipkasti detalji:<\/strong> Nje\u017eni \u010dipkasti rub dodaje da\u0161ak elegancije i \u017eenstvenosti, \u010dine\u0107i ih divnim dodatkom bilo kojoj kolekciji donjeg rublja tinejd\u017eera.<\/li>\n<li><strong>Paket od dva:<\/strong> Dostupne u prakti\u010dnom pakiranju od dva, osiguravaju\u0107i da je uvijek tu dodatni par.<\/li>\n<li><strong>Savr\u0161eno pristajanje:<\/strong> Mje\u0161avina materijala osigurava \u010dvrsto, a ipak udobno pristajanje, prilago\u0111avaju\u0107i se tijelu bez ograni\u010davanja pokreta.<\/li>\n<li><strong>Izdr\u017eljive i dugotrajne:<\/strong> Dizajnirane da izdr\u017ee redovito no\u0161enje i pranje, ove ga\u0107ice su i izdr\u017eljive i zadr\u017eavaju svoj oblik i boju.<\/li>\n<li><strong>Tkanina prijateljska ko\u017ei:<\/strong> Visok udio pamuka je nje\u017ean prema osjetljivoj ko\u017ei, smanjuju\u0107i rizik od iritacije.<\/li>\n<li><strong>Jednostavna njega:<\/strong> Mogu\u0107nost pranja u perilici za lako odr\u017eavanje, \u010dine\u0107i ih prakti\u010dnim izborom za zauzete tinejd\u017eere i roditelje.<\/li>\n<\/ul>\n<p><strong>Upute za njegu:<\/strong><\/p>\n<ul>\n<li>Perite u hladnoj vodi s bojama koje se sla\u017eu.<\/li>\n<li>Su\u0161ite na niskoj temperaturi.<\/li>\n<li>Ne koristite izbjeljiva\u010d. Peglajte na niskoj temperaturi ako je potrebno.<\/li>\n<\/ul>\n<p>Podignite kolekciju donjeg rublja va\u0161eg tinejd\u017eera s na\u0161im Lacey Teenage Underwear paketom od 2 komada \u2013 gdje se udobnost susre\u0107e s nje\u017enim stilom!<\/p>\n","protected":false},"excerpt":{"rendered":"<p>Pobolj\u0161ajte svakodnevnu udobnost va\u0161eg tinejd\u017eera s na\u0161im paketom od dva komada tinejd\u017eerskog donjeg rublja Lacey, koji sadr\u017ei meku mje\u0161avinu pamuka i poliamida s elegantnim \u010dipkastim detaljima, savr\u0161en za rastu\u0107e tinejd\u017eere.<\/p>\n<p style=\"color:red;\">Predla\u017eemo kupnju manje veli\u010dine jer je ova MARKA velika. Kako biste bili sigurni, pogledajte tablicu veli\u010dina.<\/p>\n","protected":false},"featured_media":1871,"comment_status":"open","ping_status":"closed","template":"","meta":{"neve_meta_sidebar":"","neve_meta_container":"","neve_meta_enable_content_width":"off","neve_meta_content_width":100,"neve_meta_title_alignment":"","neve_meta_author_avatar":"","neve_post_elements_order":"","neve_meta_disable_header":"","neve_meta_disable_footer":"","neve_meta_disable_title":"","neve_meta_reading_time":""},"product_brand":[],"product_cat":[219,215],"product_tag":[],"class_list":{"0":"post-2234","1":"product","2":"type-product","3":"status-publish","4":"has-post-thumbnail","6":"product_cat-gace","7":"product_cat-zena","9":"first","10":"instock","11":"taxable","12":"shipping-taxable","13":"purchasable","14":"product-type-variable","15":"has-default-attributes","16":"rtwpvg-product","17":"rtwpvs-product"},"supplier_id":null,"supplier_sku":"","barcode":null,"atum_controlled":true,"out_stock_date":null,"out_stock_threshold":null,"inheritable":false,"inbound_stock":0,"stock_on_hold":0,"sold_today":0,"sales_last_days":0,"reserved_stock":0,"customer_returns":0,"warehouse_damage":0,"lost_in_post":0,"other_logs":0,"out_stock_days":0,"lost_sales":0,"has_location":false,"update_date":"2026-05-06T04:16:14","atum_locations":[],"atum_stock_status":"instock","restock_status":false,"low_stock_amount":"","sales_update_date":"2026-05-06T04:16:14","calc_backorders":null,"_links":{"self":[{"href":"https:\/\/mioundies.com\/hr\/wp-json\/wp\/v2\/product\/2234","targetHints":{"allow":["GET"]}}],"collection":[{"href":"https:\/\/mioundies.com\/hr\/wp-json\/wp\/v2\/product"}],"about":[{"href":"https:\/\/mioundies.com\/hr\/wp-json\/wp\/v2\/types\/product"}],"replies":[{"embeddable":true,"href":"https:\/\/mioundies.com\/hr\/wp-json\/wp\/v2\/comments?post=2234"}],"wp:featuredmedia":[{"embeddable":true,"href":"https:\/\/mioundies.com\/hr\/wp-json\/wp\/v2\/media\/1871"}],"wp:attachment":[{"href":"https:\/\/mioundies.com\/hr\/wp-json\/wp\/v2\/media?parent=2234"}],"wp:term":[{"taxonomy":"product_brand","embeddable":true,"href":"https:\/\/mioundies.com\/hr\/wp-json\/wp\/v2\/product_brand?post=2234"},{"taxonomy":"product_cat","embeddable":true,"href":"https:\/\/mioundies.com\/hr\/wp-json\/wp\/v2\/product_cat?post=2234"},{"taxonomy":"product_tag","embeddable":true,"href":"https:\/\/mioundies.com\/hr\/wp-json\/wp\/v2\/product_tag?post=2234"}],"curies":[{"name":"wp","href":"https:\/\/api.w.org\/{rel}","templated":true}]}}