{"id":2179,"date":"2024-02-16T18:12:15","date_gmt":"2024-02-16T17:12:15","guid":{"rendered":"https:\/\/mioundies.com\/shop\/Bez%20kategorije\/3665-culotte-zenska-emy-lovelygirls\/"},"modified":"2024-11-02T16:18:41","modified_gmt":"2024-11-02T15:18:41","slug":"3665-culotte-zenska-emy-lovelygirls","status":"publish","type":"product","link":"https:\/\/mioundies.com\/hr\/shop\/zena\/gace\/3665-culotte-zenska-emy-lovelygirls\/","title":{"rendered":"CULOTTE EMY 3665"},"content":{"rendered":"<p>Otkrijte savr\u0161enu mje\u0161avinu stila, udobnosti i izdr\u017eljivosti s na\u0161im CULOTTE EMY 3665. Izra\u0111ene od luksuzne mje\u0161avine 45% pamuka, 45% modala i 10% elastina, ove kratke hla\u010de nude mekan, prozra\u010dan osje\u0107aj s pravom koli\u010dinom istezanja za cjelodnevnu udobnost. Elegantan dizajn i vrhunska kombinacija tkanine pru\u017eaju laskavu kroju koja se kre\u0107e s vama, \u0161to ga \u010dini bitnim komadom va\u0161e garderobe.<\/p>\n<p><strong>Klju\u010dne zna\u010dajke:<\/strong><\/p>\n<ul>\n<li><strong>Luksuzna mje\u0161avina tkanine:<\/strong> Do\u017eivite vrhunsku udobnost uz mje\u0161avinu pamuka i modala, poja\u010danu elastinom za fleksibilnost.<\/li>\n<li><strong>Raznovrstan stil:<\/strong> sofisticirani dizajn \u010dini ove kratke hla\u010de savr\u0161enim za razne prigode, od le\u017eernih izlazaka do formalnijih okru\u017eenja.<\/li>\n<li><strong>Prozra\u010dna udobnost:<\/strong> prozra\u010dna tkanina osigurava udobnost tijekom dana, idealna za bilo koju aktivnost.<\/li>\n<li><strong>Elasti\u010dni pojas:<\/strong> udoban elasti\u010dni pojas pru\u017ea sigurno pristajanje bez ugro\u017eavanja udobnosti.<\/li>\n<li><strong>Jednostavna njega:<\/strong> Ove jakne kratke hla\u010de lako se odr\u017eavaju, \u0161to osigurava da \u0107e ostati glavna stvar u va\u0161em ormaru godinama koje dolaze.<\/li>\n<\/ul>\n<p><strong>Dostupne veli\u010dine:<\/strong> XS, S, M, L, XL<\/p>\n<p><strong>Boja:<\/strong> Dostupno u raznim bojama<\/p>\n<p><strong>Idealno za:<\/strong> svakodnevno no\u0161enje, uredsku odje\u0107u, ve\u010dernje izlaske<\/p>\n<p>Pobolj\u0161ajte svoj ormar uz CULOTTE EMY 3665, gdje se moda susre\u0107e s udobno\u0161\u0107u u dizajnu koji \u0107ete po\u017eeljeti nositi stalno. Savr\u0161en za one koji cijene i stil i udobnost u odabiru odje\u0107e.<\/p>\n","protected":false},"excerpt":{"rendered":"<p>Do\u017eivite neusporedivu udobnost i \u0161ik stil s na\u0161im CULOTTE EMY 3665, mje\u0161avinom pamuka, modala i elastina za savr\u0161eno pristajanje i osje\u0107aj.<\/p>\n<p style=\"color: red;\">Predla\u017eemo kupnju jedne veli\u010dine ve\u0107e jer je ova MARKA mala. Kako biste bili sigurni, pogledajte tablicu veli\u010dina<\/p>\n","protected":false},"featured_media":3133,"comment_status":"open","ping_status":"closed","template":"","meta":{"neve_meta_sidebar":"","neve_meta_container":"","neve_meta_enable_content_width":"off","neve_meta_content_width":100,"neve_meta_title_alignment":"","neve_meta_author_avatar":"","neve_post_elements_order":"","neve_meta_disable_header":"","neve_meta_disable_footer":"","neve_meta_disable_title":"","neve_meta_reading_time":""},"product_brand":[],"product_cat":[219,215],"product_tag":[],"class_list":{"0":"post-2179","1":"product","2":"type-product","3":"status-publish","4":"has-post-thumbnail","6":"product_cat-gace","7":"product_cat-zena","9":"first","10":"instock","11":"taxable","12":"shipping-taxable","13":"purchasable","14":"product-type-variable","15":"has-default-attributes","16":"rtwpvg-product","17":"rtwpvs-product"},"supplier_id":null,"supplier_sku":"","barcode":null,"atum_controlled":true,"out_stock_date":null,"out_stock_threshold":null,"inheritable":false,"inbound_stock":0,"stock_on_hold":0,"sold_today":0,"sales_last_days":0,"reserved_stock":0,"customer_returns":0,"warehouse_damage":0,"lost_in_post":0,"other_logs":0,"out_stock_days":0,"lost_sales":0,"has_location":false,"update_date":"2026-05-06T04:15:25","atum_locations":[],"atum_stock_status":"instock","restock_status":false,"low_stock_amount":"","sales_update_date":"2026-05-06T04:15:25","calc_backorders":null,"_links":{"self":[{"href":"https:\/\/mioundies.com\/hr\/wp-json\/wp\/v2\/product\/2179","targetHints":{"allow":["GET"]}}],"collection":[{"href":"https:\/\/mioundies.com\/hr\/wp-json\/wp\/v2\/product"}],"about":[{"href":"https:\/\/mioundies.com\/hr\/wp-json\/wp\/v2\/types\/product"}],"replies":[{"embeddable":true,"href":"https:\/\/mioundies.com\/hr\/wp-json\/wp\/v2\/comments?post=2179"}],"wp:featuredmedia":[{"embeddable":true,"href":"https:\/\/mioundies.com\/hr\/wp-json\/wp\/v2\/media\/3133"}],"wp:attachment":[{"href":"https:\/\/mioundies.com\/hr\/wp-json\/wp\/v2\/media?parent=2179"}],"wp:term":[{"taxonomy":"product_brand","embeddable":true,"href":"https:\/\/mioundies.com\/hr\/wp-json\/wp\/v2\/product_brand?post=2179"},{"taxonomy":"product_cat","embeddable":true,"href":"https:\/\/mioundies.com\/hr\/wp-json\/wp\/v2\/product_cat?post=2179"},{"taxonomy":"product_tag","embeddable":true,"href":"https:\/\/mioundies.com\/hr\/wp-json\/wp\/v2\/product_tag?post=2179"}],"curies":[{"name":"wp","href":"https:\/\/api.w.org\/{rel}","templated":true}]}}