{"id":2148,"date":"2024-01-23T21:54:09","date_gmt":"2024-01-23T20:54:09","guid":{"rendered":"https:\/\/mioundies.com\/shop\/Bez%20kategorije\/1286-zenski-prsluk-s-cipkastim-remenom\/"},"modified":"2024-11-02T16:39:34","modified_gmt":"2024-11-02T15:39:34","slug":"1286-zenska-potkosulja-s-cipkastim-remenom","status":"publish","type":"product","link":"https:\/\/mioundies.com\/hr\/shop\/zena\/potkosulja-hr-3\/1286-zenska-potkosulja-s-cipkastim-remenom\/","title":{"rendered":"1286 \u017dENSKA POTKO\u0160ULJA S \u010cIPKASTIM REMENOM"},"content":{"rendered":"<p>Predstavljamo vam \u017eensku potko\u0161ulju s \u010dipkastim remenom \u2013 spoj sofisticiranosti i udobnosti za suvremenu \u017eenu. Ova potko\u0161ulja svjedo\u010di o bezvremenskom stilu i svakodnevnoj funkcionalnosti, dizajniran imaju\u0107i na umu potrebe moderne \u017eene.<\/p>\n<p><strong>Klju\u010dne zna\u010dajke:<\/strong><\/p>\n<ul>\n<li><strong>Elegantne \u010dipkaste trake:<\/strong> Potko\u0161ulju krase nje\u017ene \u010dipkaste trake, dodaju\u0107i da\u0161ak \u017eenstvene elegancije va\u0161em svakodnevnom no\u0161enju.<\/li>\n<li><strong>Vrhunska mje\u0161avina tkanina:<\/strong> Izra\u0111en od 80% pamuka, 18% poliamida i 2% elastana, potklo\u0161ulja nudi mekano, prozra\u010dno i udobno prianjanje, idealno za cjelodnevno no\u0161enje.<\/li>\n<li><strong>Svestrana i elegantana:<\/strong> Ova potko\u0161ulja savr\u0161en je za raslojavanje ispod bluza i jakni ili samostalno no\u0161enje, nude\u0107i i stil i svestranost.<\/li>\n<li><strong>Optimalno pristajanje:<\/strong> Dizajnirana da graciozno konturira u \u017eenski oblik, pru\u017eaju\u0107i laskavo i udobno prianjanje, a da ne bude restriktivno.<\/li>\n<li><strong>Trajna kvaliteta:<\/strong> Izra\u0111ena da izdr\u017ei redovito tro\u0161enje i pranje, potko\u0161ulja je izdr\u017eljiva i s vremenom zadr\u017eava svoj oblik i boju.<\/li>\n<li><strong>Nje\u017eno na ko\u017eu:<\/strong> Visok sadr\u017eaj pamuka osigurava da potko\u0161ulja bude nje\u017ena prema ko\u017ei, \u0161to ga \u010dini prikladnim za svakodnevnu uporabu.<\/li>\n<li><strong>Jednostavna njega:<\/strong> Ova potko\u0161ulja je jednostavna za odr\u017eavanje i strojno periva, moderan na\u010din \u017eivota.<\/li>\n<\/ul>\n<p><strong>Upute za njegu:<\/strong><\/p>\n<ul>\n<li>Strojno pranje u hladnoj vodi sli\u010dnih boja.<\/li>\n<li>Presu\u0161ite suho na niskoj postavci.<\/li>\n<li>Izbjegavajte izbjeljiva\u010d. Gla\u010dajte na laganoj temperaturi ako je potrebno.<\/li>\n<\/ul>\n<p>Podignite svoju garderobu uz na\u0161u \u017eensku potko\u0161ulju s \u010dipkastim remenom, gdje udobnost zadovoljava eleganciju u savr\u0161enom skladu.<\/p>\n","protected":false},"excerpt":{"rendered":"<p>Do\u017eivite eleganciju i udobnost u jednom uz na\u0161u \u017eensku potko\u0161ulju s \u010dipkastim remenom, izra\u0111enu od mekane pamu\u010dno-poliamidne mje\u0161avine, savr\u0161ene za dodavanje da\u0161ka sofisticiranosti u va\u0161e svakodnevno ruho.<\/p>\n<p style=\"color:red;\">Predla\u017eemo kupnju manje veli\u010dine jer je ova MARKA velika. Kako biste bili sigurni, pogledajte tablicu veli\u010dina.<\/p>\n","protected":false},"featured_media":1849,"comment_status":"open","ping_status":"closed","template":"","meta":{"neve_meta_sidebar":"","neve_meta_container":"","neve_meta_enable_content_width":"off","neve_meta_content_width":100,"neve_meta_title_alignment":"","neve_meta_author_avatar":"","neve_post_elements_order":"","neve_meta_disable_header":"","neve_meta_disable_footer":"","neve_meta_disable_title":"","neve_meta_reading_time":""},"product_brand":[],"product_cat":[224,215],"product_tag":[],"class_list":{"0":"post-2148","1":"product","2":"type-product","3":"status-publish","4":"has-post-thumbnail","6":"product_cat-potkosulja-hr-3","7":"product_cat-zena","9":"first","10":"instock","11":"taxable","12":"shipping-taxable","13":"purchasable","14":"product-type-variable","15":"has-default-attributes","16":"rtwpvg-product","17":"rtwpvs-product"},"supplier_id":null,"supplier_sku":"","barcode":null,"atum_controlled":true,"out_stock_date":null,"out_stock_threshold":null,"inheritable":false,"inbound_stock":0,"stock_on_hold":0,"sold_today":0,"sales_last_days":0,"reserved_stock":0,"customer_returns":0,"warehouse_damage":0,"lost_in_post":0,"other_logs":0,"out_stock_days":0,"lost_sales":0,"has_location":false,"update_date":"2026-05-08T04:12:58","atum_locations":[],"atum_stock_status":"instock","restock_status":false,"low_stock_amount":"","sales_update_date":"2026-05-08T04:12:58","calc_backorders":null,"_links":{"self":[{"href":"https:\/\/mioundies.com\/hr\/wp-json\/wp\/v2\/product\/2148","targetHints":{"allow":["GET"]}}],"collection":[{"href":"https:\/\/mioundies.com\/hr\/wp-json\/wp\/v2\/product"}],"about":[{"href":"https:\/\/mioundies.com\/hr\/wp-json\/wp\/v2\/types\/product"}],"replies":[{"embeddable":true,"href":"https:\/\/mioundies.com\/hr\/wp-json\/wp\/v2\/comments?post=2148"}],"wp:featuredmedia":[{"embeddable":true,"href":"https:\/\/mioundies.com\/hr\/wp-json\/wp\/v2\/media\/1849"}],"wp:attachment":[{"href":"https:\/\/mioundies.com\/hr\/wp-json\/wp\/v2\/media?parent=2148"}],"wp:term":[{"taxonomy":"product_brand","embeddable":true,"href":"https:\/\/mioundies.com\/hr\/wp-json\/wp\/v2\/product_brand?post=2148"},{"taxonomy":"product_cat","embeddable":true,"href":"https:\/\/mioundies.com\/hr\/wp-json\/wp\/v2\/product_cat?post=2148"},{"taxonomy":"product_tag","embeddable":true,"href":"https:\/\/mioundies.com\/hr\/wp-json\/wp\/v2\/product_tag?post=2148"}],"curies":[{"name":"wp","href":"https:\/\/api.w.org\/{rel}","templated":true}]}}