{"id":2104,"date":"2024-01-23T21:38:38","date_gmt":"2024-01-23T20:38:38","guid":{"rendered":"https:\/\/mioundies.com\/shop\/Bez%20kategorije\/1254-ogrlica-za-posadu-zene-flanel\/"},"modified":"2024-11-02T16:40:58","modified_gmt":"2024-11-02T15:40:58","slug":"1254-zenska-flanela-s-okruglim-ovratnikom","status":"publish","type":"product","link":"https:\/\/mioundies.com\/hr\/shop\/zena\/potkosulja-hr-3\/1254-zenska-flanela-s-okruglim-ovratnikom\/","title":{"rendered":"1254 \u017dENSKA FLANELA S OKRUGLIM OVRATNIKOM"},"content":{"rendered":"<p>Predstavljamo na\u0161u \u017densku Flanelu s Okruglim Ovratnikom &#8211; bezvremenski komad koji kombinira klasi\u010dni stil s udobno\u0161\u0107u za svaki dan. Savr\u0161eno dizajnirana za modernu \u017eenu, ova flanela je esencijalan dodatak va\u0161oj garderobi, nude\u0107i i toplinu i eleganciju.<\/p>\n<p><strong>Klju\u010dne zna\u010dajke:<\/strong><\/p>\n<ul>\n<li><strong>Klasi\u010dan Dizajn s Okruglim Ovratnikom:<\/strong> Okrugli ovratnik pru\u017ea bezvremenski i svestran izgled, savr\u0161en za razne prilike, od le\u017eernih izlazaka do formalnijih okupljanja.<\/li>\n<li><strong>Mekan i Udoban Materijal:<\/strong> Izra\u0111ena od 95% pamuka i 5% elastana, ova flanel ko\u0161ulja je izuzetno mekana, osiguravaju\u0107i udobnost na ko\u017ei cijeli dan.<\/li>\n<li><strong>Savr\u0161eno Pristajanje:<\/strong> Mje\u0161avina pamuka i elastana ne osje\u0107a se samo sjajno, ve\u0107 tako\u0111er pru\u017ea laskavo pristajanje koje se kre\u0107e s vama.<\/li>\n<li><strong>Izdr\u017eljiva i Dugotrajna:<\/strong> Izra\u0111ena da izdr\u017ei redovito no\u0161enje i pranje, ova flanela je izdr\u017eljiva, zadr\u017eavaju\u0107i svoj oblik i \u017eivopisnu boju tijekom vremena.<\/li>\n<li><strong>Svestrani Modni Osnovni Komad:<\/strong> Lako se kombinira s trapericama za le\u017eerni izgled ili s hla\u010dama za formalniji ansambl.<\/li>\n<li><strong>Nje\u017ena za Ko\u017eu:<\/strong> Visok udio pamuka \u010dini je nje\u017enom i prozra\u010dnom, pogodnom za sve tipove ko\u017ee, uklju\u010duju\u0107i osjetljivu ko\u017eu.<\/li>\n<li><strong>Jednostavna Njega:<\/strong> Mo\u017ee se prati u perilici za bezbri\u017eno odr\u017eavanje, neophodno za zauzetu \u017eenu.<\/li>\n<\/ul>\n<p><strong>Upute za njegu:<\/strong><\/p>\n<ul>\n<li>Prati u hladnoj vodi s sli\u010dnim bojama.<\/li>\n<li>Su\u0161iti na niskoj temperaturi.<\/li>\n<li>Izbjegavati upotrebu izbjeljiva\u010da. Peglati na niskoj temperaturi po potrebi.<\/li>\n<\/ul>\n<p>Ostanite ugodni i stilizirani s na\u0161om \u017denskom Flanelom s Okruglim Ovratnikom, va\u0161im novim osnovnim komadom za udobnost i stil.<\/p>\n","protected":false},"excerpt":{"rendered":"<p>Nadogradite svoju garderobu s na\u0161om \u017denskom Flanelom s Okruglim Ovratnikom, savr\u0161enom kombinacijom udobnosti i klasi\u010dnog stila, izra\u0111enom od meke mje\u0161avine pamuka i elastana, idealnom za svaku priliku.<\/p>\n<p style=\"color:red;\">Predla\u017eemo kupnju manje veli\u010dine jer je ova MARKA velika. Kako biste bili sigurni, pogledajte tablicu veli\u010dina.<\/p>\n","protected":false},"featured_media":1803,"comment_status":"open","ping_status":"closed","template":"","meta":{"neve_meta_sidebar":"","neve_meta_container":"","neve_meta_enable_content_width":"off","neve_meta_content_width":100,"neve_meta_title_alignment":"","neve_meta_author_avatar":"","neve_post_elements_order":"","neve_meta_disable_header":"","neve_meta_disable_footer":"","neve_meta_disable_title":"","neve_meta_reading_time":""},"product_brand":[],"product_cat":[224,215],"product_tag":[],"class_list":{"0":"post-2104","1":"product","2":"type-product","3":"status-publish","4":"has-post-thumbnail","6":"product_cat-potkosulja-hr-3","7":"product_cat-zena","9":"first","10":"instock","11":"taxable","12":"shipping-taxable","13":"purchasable","14":"product-type-variable","15":"has-default-attributes","16":"rtwpvg-product","17":"rtwpvs-product"},"supplier_id":null,"supplier_sku":"","barcode":null,"atum_controlled":true,"out_stock_date":null,"out_stock_threshold":null,"inheritable":false,"inbound_stock":0,"stock_on_hold":0,"sold_today":0,"sales_last_days":0,"reserved_stock":0,"customer_returns":0,"warehouse_damage":0,"lost_in_post":0,"other_logs":0,"out_stock_days":0,"lost_sales":0,"has_location":false,"update_date":"2026-05-06T04:14:58","atum_locations":[],"atum_stock_status":"instock","restock_status":false,"low_stock_amount":"","sales_update_date":"2026-05-06T04:14:58","calc_backorders":null,"_links":{"self":[{"href":"https:\/\/mioundies.com\/hr\/wp-json\/wp\/v2\/product\/2104","targetHints":{"allow":["GET"]}}],"collection":[{"href":"https:\/\/mioundies.com\/hr\/wp-json\/wp\/v2\/product"}],"about":[{"href":"https:\/\/mioundies.com\/hr\/wp-json\/wp\/v2\/types\/product"}],"replies":[{"embeddable":true,"href":"https:\/\/mioundies.com\/hr\/wp-json\/wp\/v2\/comments?post=2104"}],"wp:featuredmedia":[{"embeddable":true,"href":"https:\/\/mioundies.com\/hr\/wp-json\/wp\/v2\/media\/1803"}],"wp:attachment":[{"href":"https:\/\/mioundies.com\/hr\/wp-json\/wp\/v2\/media?parent=2104"}],"wp:term":[{"taxonomy":"product_brand","embeddable":true,"href":"https:\/\/mioundies.com\/hr\/wp-json\/wp\/v2\/product_brand?post=2104"},{"taxonomy":"product_cat","embeddable":true,"href":"https:\/\/mioundies.com\/hr\/wp-json\/wp\/v2\/product_cat?post=2104"},{"taxonomy":"product_tag","embeddable":true,"href":"https:\/\/mioundies.com\/hr\/wp-json\/wp\/v2\/product_tag?post=2104"}],"curies":[{"name":"wp","href":"https:\/\/api.w.org\/{rel}","templated":true}]}}