{"id":2046,"date":"2024-02-16T18:22:15","date_gmt":"2024-02-16T17:22:15","guid":{"rendered":"https:\/\/mioundies.com\/shop\/Bez%20kategorije\/1985-culotte-zenska-emy-visoka\/"},"modified":"2024-11-02T16:10:19","modified_gmt":"2024-11-02T15:10:19","slug":"1985-culotte-zenska-emy-visoka","status":"publish","type":"product","link":"https:\/\/mioundies.com\/hr\/shop\/zena\/gace\/1985-culotte-zenska-emy-visoka\/","title":{"rendered":"CULOTTE HIGH IS TALIJANSKA \u010cIPKA EMY 1985"},"content":{"rendered":"<p>Predstavljamo CULOTTE HIGH WAIST TALIAN LACE EMY 1985, gdje se elegancija susre\u0107e sa svakodnevnom udobno\u0161\u0107u. Izra\u0111ena od luksuzne mje\u0161avine 45% pamuka, 45% modala i 10% elastina, ova kilo hla\u010da kombinira meko\u0107u, prozra\u010dnost i pravu rastezljivost za laskavo i udobno pristajanje. Ukra\u0161en izuzetnom talijanskom \u010dipkom na visokom struku, nudi da\u0161ak romantike i sofisticiranosti va\u0161oj kolekciji donjeg rublja.<\/p>\n<p><strong>Klju\u010dne zna\u010dajke:<\/strong><\/p>\n<ul>\n<li><strong>Luksuzna mje\u0161avina tkanina:<\/strong> u\u017eivajte u mekoj, prozra\u010dnoj udobnosti pamuka i modala, poja\u010danoj elastinom za savr\u0161eno rastezanje.<\/li>\n<li><strong>Detalji talijanske \u010dipke:<\/strong> Podignite svoj ormar s elegantnim dodirom visokokvalitetne talijanske \u010dipke, dodaju\u0107i da\u0161ak sofisticiranosti i stila.<\/li>\n<li><strong>Dizajn s visokim strukom:<\/strong> kroj s visokim strukom ne samo da nudi dodatnu potporu, ve\u0107 tako\u0111er nagla\u0161ava va\u0161u siluetu, pru\u017eaju\u0107i elegantan i laskav izgled.<\/li>\n<li><strong>Svestrana elegancija:<\/strong> Savr\u0161en za posebne prilike ili dodavanje luksuznog da\u0161ka va\u0161oj svakodnevnoj no\u0161nji.<\/li>\n<li><strong>Jednostavna njega:<\/strong> Dizajnirana za izdr\u017eljivost i jednostavnu njegu, zadr\u017eavaju\u0107i svoj oblik i ljepotu pranje za pranjem.<\/li>\n<\/ul>\n<p><strong>Dostupne veli\u010dine:<\/strong> XS, S, M, L, XL<\/p>\n<p><strong>Boja:<\/strong> Dostupno u izboru elegantnih boja<\/p>\n<p><strong>Idealno za:<\/strong> podizanje va\u0161eg svakodnevnog donjeg rublja, posebne prilike<\/p>\n<p>CULOTTE HIGH WAIST TALIAN LACE EMY 1985 dokaz je ljepote stapanja funkcije s modom, \u0161to ga \u010dini obaveznim u va\u0161oj kolekciji donjeg rublja. Osjetite razliku vrhunske tkanine i izvrsnog dizajna pri svakom no\u0161enju.<\/p>\n","protected":false},"excerpt":{"rendered":"<p>Prihvatite eleganciju s CULOTTE HIGH WAIST TALIAN LACE EMY 1985, koja sadr\u017ei luksuznu mje\u0161avinu pamuka, modala i elastina, ukra\u0161enu izvrsnom talijanskom \u010dipkom za sofisticiranu udobnost.<\/p>\n<p style=\"color: red;\">Predla\u017eemo kupnju jedne veli\u010dine ve\u0107e jer je ova MARKA mala. Kako biste bili sigurni, pogledajte tablicu veli\u010dina<\/p>\n","protected":false},"featured_media":3132,"comment_status":"open","ping_status":"closed","template":"","meta":{"neve_meta_sidebar":"","neve_meta_container":"","neve_meta_enable_content_width":"off","neve_meta_content_width":100,"neve_meta_title_alignment":"","neve_meta_author_avatar":"","neve_post_elements_order":"","neve_meta_disable_header":"","neve_meta_disable_footer":"","neve_meta_disable_title":"","neve_meta_reading_time":""},"product_brand":[],"product_cat":[219,215],"product_tag":[],"class_list":{"0":"post-2046","1":"product","2":"type-product","3":"status-publish","4":"has-post-thumbnail","6":"product_cat-gace","7":"product_cat-zena","9":"first","10":"instock","11":"taxable","12":"shipping-taxable","13":"purchasable","14":"product-type-variable","15":"has-default-attributes","16":"rtwpvg-product","17":"rtwpvs-product"},"supplier_id":null,"supplier_sku":"","barcode":null,"atum_controlled":true,"out_stock_date":null,"out_stock_threshold":null,"inheritable":false,"inbound_stock":0,"stock_on_hold":0,"sold_today":0,"sales_last_days":0,"reserved_stock":0,"customer_returns":0,"warehouse_damage":0,"lost_in_post":0,"other_logs":0,"out_stock_days":0,"lost_sales":0,"has_location":false,"update_date":"2026-05-06T04:14:44","atum_locations":[],"atum_stock_status":"instock","restock_status":false,"low_stock_amount":"","sales_update_date":"2026-05-06T04:14:44","calc_backorders":null,"_links":{"self":[{"href":"https:\/\/mioundies.com\/hr\/wp-json\/wp\/v2\/product\/2046","targetHints":{"allow":["GET"]}}],"collection":[{"href":"https:\/\/mioundies.com\/hr\/wp-json\/wp\/v2\/product"}],"about":[{"href":"https:\/\/mioundies.com\/hr\/wp-json\/wp\/v2\/types\/product"}],"replies":[{"embeddable":true,"href":"https:\/\/mioundies.com\/hr\/wp-json\/wp\/v2\/comments?post=2046"}],"wp:featuredmedia":[{"embeddable":true,"href":"https:\/\/mioundies.com\/hr\/wp-json\/wp\/v2\/media\/3132"}],"wp:attachment":[{"href":"https:\/\/mioundies.com\/hr\/wp-json\/wp\/v2\/media?parent=2046"}],"wp:term":[{"taxonomy":"product_brand","embeddable":true,"href":"https:\/\/mioundies.com\/hr\/wp-json\/wp\/v2\/product_brand?post=2046"},{"taxonomy":"product_cat","embeddable":true,"href":"https:\/\/mioundies.com\/hr\/wp-json\/wp\/v2\/product_cat?post=2046"},{"taxonomy":"product_tag","embeddable":true,"href":"https:\/\/mioundies.com\/hr\/wp-json\/wp\/v2\/product_tag?post=2046"}],"curies":[{"name":"wp","href":"https:\/\/api.w.org\/{rel}","templated":true}]}}