{"id":2045,"date":"2024-01-19T15:48:37","date_gmt":"2024-01-19T14:48:37","guid":{"rendered":"https:\/\/mioundies.com\/shop\/Bez%20kategorije\/1010-pamucna-posada-ovratnik-mens-flanel-100\/"},"modified":"2024-11-02T16:42:32","modified_gmt":"2024-11-02T15:42:32","slug":"1010-pamucna-majica-s-okruglim-izrezom-za-muskarce-flanel-100","status":"publish","type":"product","link":"https:\/\/mioundies.com\/hr\/shop\/muskarac\/potkosulja-hr\/1010-pamucna-majica-s-okruglim-izrezom-za-muskarce-flanel-100\/","title":{"rendered":"1010 PAMU\u010cNA MAJICA S OKRUGLIM IZREZOM ZA MU\u0160KARCE, FLANEL 100%"},"content":{"rendered":"<p>Do\u017eivite vrhunac udobnosti i bezvremenskog stila s na\u0161om Flanelom za mu\u0161karce s okruglim ovratnikom od pamuka, izra\u0111enom isklju\u010divo od 100% premium pamuka. Ova flanela je esencijalni dodatak garderobi modernog mu\u0161karca, savr\u0161ena za le\u017eerne i poluformalne prigode.<\/p>\n<p><strong>Klju\u010dne zna\u010dajke:<\/strong><\/p>\n<ul>\n<li><strong>\u010cista pamu\u010dna udobnost:<\/strong> Izra\u0111ena u potpunosti od 100% pamuka, ova flanela nudi neprevazi\u0111enu meko\u0107u i prozra\u010dnost za udobnost tijekom cijelog dana.<\/li>\n<li><strong>Klasi\u010dan dizajn s okruglim ovratnikom:<\/strong> Ovratnik okruglog kroja pru\u017ea bezvremenski, svestrani izgled, prikladan za razne postavke &#8211; od le\u017eernog dana do pametno-le\u017eernog doga\u0111aja.<\/li>\n<li><strong>Izdr\u017eljivost i kvaliteta:<\/strong> Majstorski izra\u0111ena da izdr\u017ei redovito no\u0161enje i pranje, ova flanela je i izdr\u017eljiva i odr\u017eava svoju kvalitetu tijekom vremena.<\/li>\n<li><strong>Svestrani esencijal garderobe:<\/strong> Lako se kombinira s trapericama za le\u017eeran izgled ili hla\u010dama za ozbiljniji pristup, to je svestrani komad koji se prilago\u0111ava va\u0161im stilskim potrebama.<\/li>\n<li><strong>Prijateljski prema ko\u017ei:<\/strong> Budu\u0107i da je napravljena od 100% pamuka, izuzetno je nje\u017ena prema ko\u017ei, \u0161to je \u010dini idealnom za one s osjetljivom ko\u017eom ili svakoga tko tra\u017ei udobnost prirodnog materijala.<\/li>\n<li><strong>Jednostavna za odr\u017eavanje:<\/strong> Ova flanela je prakti\u010dna koliko i stilizirana, budu\u0107i da je periva u stroju za nezahtjevno odr\u017eavanje.<\/li>\n<\/ul>\n<p><strong>Upute za njegu:<\/strong><\/p>\n<ul>\n<li>Perite u stroju u hladnoj vodi sa sli\u010dnim bojama.<\/li>\n<li>Su\u0161ite u su\u0161ilici na niskoj temperaturi.<\/li>\n<li>Peglate na srednjoj temperaturi ako je potrebno. Izbjegavajte upotrebu izbjeljiva\u010da kako biste sa\u010duvali kvalitetu tkanine.<\/li>\n<\/ul>\n<p>Podignite svoj svakodnevni stil s na\u0161om Flanelom za mu\u0161karce s okruglim ovratnikom od pamuka, gdje se udobnost susre\u0107e s klasi\u010dnom sofisticirano\u0161\u0107u.<\/p>\n","protected":false},"excerpt":{"rendered":"<p>Uzmite klasi\u010dni stil i neusporedivu udobnost s na\u0161om 100% pamu\u010dnom mu\u0161kom ko\u0161uljom s okruglim ovratnikom, klju\u010dnim i izdr\u017eljivim dijelom garderobe za svakog modernog mu\u0161karca.<\/p>\n<p style=\"color:red;\">Predla\u017eemo kupnju manje veli\u010dine jer je ova MARKA velika. Kako biste bili sigurni, pogledajte tablicu veli\u010dina.<\/p>\n","protected":false},"featured_media":1763,"comment_status":"open","ping_status":"closed","template":"","meta":{"neve_meta_sidebar":"","neve_meta_container":"","neve_meta_enable_content_width":"off","neve_meta_content_width":100,"neve_meta_title_alignment":"","neve_meta_author_avatar":"","neve_post_elements_order":"","neve_meta_disable_header":"","neve_meta_disable_footer":"","neve_meta_disable_title":"","neve_meta_reading_time":""},"product_brand":[],"product_cat":[217,220],"product_tag":[],"class_list":{"0":"post-2045","1":"product","2":"type-product","3":"status-publish","4":"has-post-thumbnail","6":"product_cat-muskarac","7":"product_cat-potkosulja-hr","9":"first","10":"instock","11":"taxable","12":"shipping-taxable","13":"purchasable","14":"product-type-variable","15":"has-default-attributes","16":"rtwpvg-product","17":"rtwpvs-product"},"supplier_id":null,"supplier_sku":"","barcode":null,"atum_controlled":true,"out_stock_date":null,"out_stock_threshold":null,"inheritable":false,"inbound_stock":0,"stock_on_hold":0,"sold_today":0,"sales_last_days":0,"reserved_stock":0,"customer_returns":0,"warehouse_damage":0,"lost_in_post":0,"other_logs":0,"out_stock_days":0,"lost_sales":0,"has_location":false,"update_date":"2026-05-06T04:14:10","atum_locations":[],"atum_stock_status":"instock","restock_status":false,"low_stock_amount":"","sales_update_date":"2026-05-06T04:14:10","calc_backorders":null,"_links":{"self":[{"href":"https:\/\/mioundies.com\/hr\/wp-json\/wp\/v2\/product\/2045","targetHints":{"allow":["GET"]}}],"collection":[{"href":"https:\/\/mioundies.com\/hr\/wp-json\/wp\/v2\/product"}],"about":[{"href":"https:\/\/mioundies.com\/hr\/wp-json\/wp\/v2\/types\/product"}],"replies":[{"embeddable":true,"href":"https:\/\/mioundies.com\/hr\/wp-json\/wp\/v2\/comments?post=2045"}],"wp:featuredmedia":[{"embeddable":true,"href":"https:\/\/mioundies.com\/hr\/wp-json\/wp\/v2\/media\/1763"}],"wp:attachment":[{"href":"https:\/\/mioundies.com\/hr\/wp-json\/wp\/v2\/media?parent=2045"}],"wp:term":[{"taxonomy":"product_brand","embeddable":true,"href":"https:\/\/mioundies.com\/hr\/wp-json\/wp\/v2\/product_brand?post=2045"},{"taxonomy":"product_cat","embeddable":true,"href":"https:\/\/mioundies.com\/hr\/wp-json\/wp\/v2\/product_cat?post=2045"},{"taxonomy":"product_tag","embeddable":true,"href":"https:\/\/mioundies.com\/hr\/wp-json\/wp\/v2\/product_tag?post=2045"}],"curies":[{"name":"wp","href":"https:\/\/api.w.org\/{rel}","templated":true}]}}